{"id":7338,"date":"2021-06-29T12:28:37","date_gmt":"2021-06-29T10:28:37","guid":{"rendered":"https:\/\/harma.ee\/dusialus-harma-dna08-90x90x45cm-umar-korge-dusinurgale-dn021\/"},"modified":"2023-08-03T10:34:56","modified_gmt":"2023-08-03T08:34:56","slug":"suihkuallas-harma-dna08-90x90x45cm-kaareva-suihkukulmalle-dn021","status":"publish","type":"product","link":"https:\/\/harma.ee\/fi\/suihkuallas-harma-dna08-90x90x45cm-kaareva-suihkukulmalle-dn021\/","title":{"rendered":"Suihkuallas Harma DNA08 90x90x45cm, kaareva (suihkukulmalle DN021)"},"content":{"rendered":"<p>Py\u00f6re\u00e4 korkea suihkuallas Harma DNA08. Valkoinen, s\u00e4\u00e4dett\u00e4vill\u00e4 jaloilla, irrotettavalla etupaneelilla ja helposti asennettavalla ponnahdusvetomekanismilla (toimitetaan altaan mukana). Ihanteellinen k\u00e4ytett\u00e4v\u00e4ksi Harma suihkunurkan DN021 kanssa.  <\/p>\n","protected":false},"excerpt":{"rendered":"<p>Py\u00f6re\u00e4 korkea suihkuallas Harma DNA08. Valkoinen, s\u00e4\u00e4dett\u00e4vill\u00e4 jaloilla, irrotettavalla etupaneelilla ja helposti asennettavalla ponnahdusvetomekanismilla (toimitetaan altaan mukana). Ihanteellinen k\u00e4ytett\u00e4v\u00e4ksi Harma suihkunurkan DN021 kanssa.  <\/p>\n","protected":false},"featured_media":4005,"template":"","meta":[],"product_cat":[367],"product_tag":[],"acf":[],"_links":{"self":[{"href":"https:\/\/harma.ee\/fi\/wp-json\/wp\/v2\/product\/7338"}],"collection":[{"href":"https:\/\/harma.ee\/fi\/wp-json\/wp\/v2\/product"}],"about":[{"href":"https:\/\/harma.ee\/fi\/wp-json\/wp\/v2\/types\/product"}],"wp:featuredmedia":[{"embeddable":true,"href":"https:\/\/harma.ee\/fi\/wp-json\/wp\/v2\/media\/4005"}],"wp:attachment":[{"href":"https:\/\/harma.ee\/fi\/wp-json\/wp\/v2\/media?parent=7338"}],"wp:term":[{"taxonomy":"product_cat","embeddable":true,"href":"https:\/\/harma.ee\/fi\/wp-json\/wp\/v2\/product_cat?post=7338"},{"taxonomy":"product_tag","embeddable":true,"href":"https:\/\/harma.ee\/fi\/wp-json\/wp\/v2\/product_tag?post=7338"}],"curies":[{"name":"wp","href":"https:\/\/api.w.org\/{rel}","templated":true}]}}