{"id":7340,"date":"2021-06-29T12:28:13","date_gmt":"2021-06-29T10:28:13","guid":{"rendered":"https:\/\/harma.ee\/dusialus-harma-dna09-80x80x15cm-umar-dusinurgale-dn022-dn032-ja-dn033\/"},"modified":"2026-01-28T16:40:19","modified_gmt":"2026-01-28T14:40:19","slug":"suihkuallas-harma-dna09-80x80x15cm-kaareva-suihkukulmalle-dn022-dn032-ja-dn033","status":"publish","type":"product","link":"https:\/\/harma.ee\/fi\/suihkuallas-harma-dna09-80x80x15cm-kaareva-suihkukulmalle-dn022-dn032-ja-dn033\/","title":{"rendered":"Suihkuallas Harma DNA09 80x80x15 cm, py\u00f6re\u00e4 (suihkunurkkauksiin DN022, DN032 ja DN033)"},"content":{"rendered":"<p data-start=\"301\" data-end=\"624\">Py\u00f6re\u00e4n muotoinen suihkuallas Harma DNA09. Valkoinen, s\u00e4\u00e4dett\u00e4vill\u00e4 jaloilla ja helposti asennettavalla viem\u00e4rimekanismilla, joka sis\u00e4ltyy toimitukseen. Soveltuu k\u00e4ytett\u00e4v\u00e4ksi Harma-suihkunurkkien DN032 tai DN033 kanssa.<\/p>\n","protected":false},"excerpt":{"rendered":"<p data-start=\"301\" data-end=\"624\">Py\u00f6re\u00e4n muotoinen suihkuallas Harma DNA09. Valkoinen, s\u00e4\u00e4dett\u00e4vill\u00e4 jaloilla ja helposti asennettavalla viem\u00e4rimekanismilla, joka sis\u00e4ltyy toimitukseen. Soveltuu k\u00e4ytett\u00e4v\u00e4ksi Harma-suihkunurkkien DN032 tai DN033 kanssa.<\/p>\n","protected":false},"featured_media":4021,"template":"","meta":[],"product_cat":[367],"product_tag":[],"acf":[],"_links":{"self":[{"href":"https:\/\/harma.ee\/fi\/wp-json\/wp\/v2\/product\/7340"}],"collection":[{"href":"https:\/\/harma.ee\/fi\/wp-json\/wp\/v2\/product"}],"about":[{"href":"https:\/\/harma.ee\/fi\/wp-json\/wp\/v2\/types\/product"}],"wp:featuredmedia":[{"embeddable":true,"href":"https:\/\/harma.ee\/fi\/wp-json\/wp\/v2\/media\/4021"}],"wp:attachment":[{"href":"https:\/\/harma.ee\/fi\/wp-json\/wp\/v2\/media?parent=7340"}],"wp:term":[{"taxonomy":"product_cat","embeddable":true,"href":"https:\/\/harma.ee\/fi\/wp-json\/wp\/v2\/product_cat?post=7340"},{"taxonomy":"product_tag","embeddable":true,"href":"https:\/\/harma.ee\/fi\/wp-json\/wp\/v2\/product_tag?post=7340"}],"curies":[{"name":"wp","href":"https:\/\/api.w.org\/{rel}","templated":true}]}}