{"id":7349,"date":"2021-06-29T14:28:58","date_gmt":"2021-06-29T12:28:58","guid":{"rendered":"https:\/\/harma.ee\/valamukapp-harma-serena-910x450x518-mm-koos-valamuga-must-tamm\/"},"modified":"2026-01-28T10:32:40","modified_gmt":"2026-01-28T08:32:40","slug":"allaskaappi-altaalla-harma-serena-910x450x518-mm-musta-tammi","status":"publish","type":"product","link":"https:\/\/harma.ee\/fi\/allaskaappi-altaalla-harma-serena-910x450x518-mm-musta-tammi\/","title":{"rendered":"Allaskaappi Harma Serena 910x450x518 mm pesualtaalla, musta tammi"},"content":{"rendered":"<p data-start=\"278\" data-end=\"563\">Mattamustalla viimeistelyll\u00e4 varustettu Harma Serena -allaskaappi pesualtaalla ja kromiprofiileilla. Sopii nykyaikaisiin kylpyhuoneisiin lis\u00e4\u00e4m\u00e4\u00e4n s\u00e4ilytystilaa. Helppo asentaa ja huoltaa, kest\u00e4v\u00e4 rakenne.<\/p>\n","protected":false},"excerpt":{"rendered":"<p data-start=\"278\" data-end=\"563\">Mattamustalla viimeistelyll\u00e4 varustettu Harma Serena -allaskaappi pesualtaalla ja kromiprofiileilla. Sopii nykyaikaisiin kylpyhuoneisiin lis\u00e4\u00e4m\u00e4\u00e4n s\u00e4ilytystilaa. Helppo asentaa ja huoltaa, kest\u00e4v\u00e4 rakenne.<\/p>\n","protected":false},"featured_media":4290,"template":"","meta":[],"product_cat":[1084],"product_tag":[345],"acf":[],"_links":{"self":[{"href":"https:\/\/harma.ee\/fi\/wp-json\/wp\/v2\/product\/7349"}],"collection":[{"href":"https:\/\/harma.ee\/fi\/wp-json\/wp\/v2\/product"}],"about":[{"href":"https:\/\/harma.ee\/fi\/wp-json\/wp\/v2\/types\/product"}],"wp:featuredmedia":[{"embeddable":true,"href":"https:\/\/harma.ee\/fi\/wp-json\/wp\/v2\/media\/4290"}],"wp:attachment":[{"href":"https:\/\/harma.ee\/fi\/wp-json\/wp\/v2\/media?parent=7349"}],"wp:term":[{"taxonomy":"product_cat","embeddable":true,"href":"https:\/\/harma.ee\/fi\/wp-json\/wp\/v2\/product_cat?post=7349"},{"taxonomy":"product_tag","embeddable":true,"href":"https:\/\/harma.ee\/fi\/wp-json\/wp\/v2\/product_tag?post=7349"}],"curies":[{"name":"wp","href":"https:\/\/api.w.org\/{rel}","templated":true}]}}