{"id":7354,"date":"2021-06-29T14:28:55","date_gmt":"2021-06-29T12:28:55","guid":{"rendered":"https:\/\/harma.ee\/peeglikapp-harma-serena-600x120x650mm-must-tamm\/"},"modified":"2026-01-28T10:35:42","modified_gmt":"2026-01-28T08:35:42","slug":"peilikaappi-harma-serena-600x120x650mm-musta-tammi","status":"publish","type":"product","link":"https:\/\/harma.ee\/fi\/peilikaappi-harma-serena-600x120x650mm-musta-tammi\/","title":{"rendered":"Peilikaappi Harma Serena 600x120x650 mm, musta tammi"},"content":{"rendered":"<p data-start=\"234\" data-end=\"461\">Harma Serena -peilikaappi hyllyill\u00e4 ja pistorasialla on helppo asentaa ja huoltaa, ja se lis\u00e4\u00e4 s\u00e4ilytystilaa. Kaappiin voidaan asentaa my\u00f6s Serena LED-valaisin.<\/p>\n","protected":false},"excerpt":{"rendered":"<p data-start=\"234\" data-end=\"461\">Harma Serena -peilikaappi hyllyill\u00e4 ja pistorasialla on helppo asentaa ja huoltaa, ja se lis\u00e4\u00e4 s\u00e4ilytystilaa. Kaappiin voidaan asentaa my\u00f6s Serena LED-valaisin.<\/p>\n","protected":false},"featured_media":4312,"template":"","meta":[],"product_cat":[1082],"product_tag":[345],"acf":[],"_links":{"self":[{"href":"https:\/\/harma.ee\/fi\/wp-json\/wp\/v2\/product\/7354"}],"collection":[{"href":"https:\/\/harma.ee\/fi\/wp-json\/wp\/v2\/product"}],"about":[{"href":"https:\/\/harma.ee\/fi\/wp-json\/wp\/v2\/types\/product"}],"wp:featuredmedia":[{"embeddable":true,"href":"https:\/\/harma.ee\/fi\/wp-json\/wp\/v2\/media\/4312"}],"wp:attachment":[{"href":"https:\/\/harma.ee\/fi\/wp-json\/wp\/v2\/media?parent=7354"}],"wp:term":[{"taxonomy":"product_cat","embeddable":true,"href":"https:\/\/harma.ee\/fi\/wp-json\/wp\/v2\/product_cat?post=7354"},{"taxonomy":"product_tag","embeddable":true,"href":"https:\/\/harma.ee\/fi\/wp-json\/wp\/v2\/product_tag?post=7354"}],"curies":[{"name":"wp","href":"https:\/\/api.w.org\/{rel}","templated":true}]}}