{"id":7359,"date":"2021-06-29T14:28:53","date_gmt":"2021-06-29T12:28:53","guid":{"rendered":"https:\/\/harma.ee\/korge-seinakapp-harma-35cm-h1375cm-valge-laikiv-soft-close-hinged-kroomitud-kaepidemed\/"},"modified":"2023-09-25T16:10:50","modified_gmt":"2023-09-25T14:10:50","slug":"harma-korkea-seinakaappi-vari-valkoinen-kiiltava-hitaasti-sulkeutuvat-ovet-kromatut-vetimet","status":"publish","type":"product","link":"https:\/\/harma.ee\/fi\/harma-korkea-seinakaappi-vari-valkoinen-kiiltava-hitaasti-sulkeutuvat-ovet-kromatut-vetimet\/","title":{"rendered":"Harma korkea sein\u00e4kaappi, V\u00e4ri: valkoinen \/ kiilt\u00e4v\u00e4, Hitaasti sulkeutuvat ovet, Kromatut vetimet"},"content":{"rendered":"<p>Esittelemme Harma-korkean sein\u00e4kaapin, joka on 35 cm leve\u00e4 ja 137,5 cm korkea. T\u00e4m\u00e4 tyylik\u00e4s valkoinen kiilt\u00e4v\u00e4 kaappi ei vain rikasta kylpyhuoneesi ilmett\u00e4, vaan tarjoaa my\u00f6s lis\u00e4s\u00e4ilytystilaa. Soft-close saranoiden ansiosta kaapin ovet sulkeutuvat pehme\u00e4sti ja hiljaa, kun taas kromatut kahvat lis\u00e4\u00e4v\u00e4t tyylikk\u00e4\u00e4n yksityiskohdan. Harma pitk\u00e4 sein\u00e4kaappi sopii t\u00e4ydellisesti yhteen Harma-allaskaappien ja peilikaappien kanssa, luoden modernin ja yhten\u00e4isen kylpyhuonesetin.    <\/p>\n","protected":false},"excerpt":{"rendered":"<p>Harma korkea sein\u00e4kaappi lis\u00e4varusteena voi suurentaa kylpyhuoneen s\u00e4ilytystilaa huomattavasti. Yhteensopiva Harma pesuallaskaappien ja peilikaappien kanssa. Kiilt\u00e4v\u00e4 valkoinen kromiprofiileilla.  <\/p>\n","protected":false},"featured_media":4321,"template":"","meta":[],"product_cat":[1083],"product_tag":[298],"acf":[],"_links":{"self":[{"href":"https:\/\/harma.ee\/fi\/wp-json\/wp\/v2\/product\/7359"}],"collection":[{"href":"https:\/\/harma.ee\/fi\/wp-json\/wp\/v2\/product"}],"about":[{"href":"https:\/\/harma.ee\/fi\/wp-json\/wp\/v2\/types\/product"}],"wp:featuredmedia":[{"embeddable":true,"href":"https:\/\/harma.ee\/fi\/wp-json\/wp\/v2\/media\/4321"}],"wp:attachment":[{"href":"https:\/\/harma.ee\/fi\/wp-json\/wp\/v2\/media?parent=7359"}],"wp:term":[{"taxonomy":"product_cat","embeddable":true,"href":"https:\/\/harma.ee\/fi\/wp-json\/wp\/v2\/product_cat?post=7359"},{"taxonomy":"product_tag","embeddable":true,"href":"https:\/\/harma.ee\/fi\/wp-json\/wp\/v2\/product_tag?post=7359"}],"curies":[{"name":"wp","href":"https:\/\/api.w.org\/{rel}","templated":true}]}}