{"id":7362,"date":"2021-06-29T14:28:51","date_gmt":"2021-06-29T12:28:51","guid":{"rendered":"https:\/\/harma.ee\/porandapealne-kapp-harma-50cm-valge-laikiv-soft-close-hinged-kroomitud-kaepidemed\/"},"modified":"2026-01-28T10:48:16","modified_gmt":"2026-01-28T08:48:16","slug":"harma-sivukaappi-50cm-vari-valkoinen-kiiltava-hitaasti-sulkeutuvat-ovet-kromatut-jalat-ja-vetimet","status":"publish","type":"product","link":"https:\/\/harma.ee\/fi\/harma-sivukaappi-50cm-vari-valkoinen-kiiltava-hitaasti-sulkeutuvat-ovet-kromatut-jalat-ja-vetimet\/","title":{"rendered":"Lattiamallinen kaappi Harma 50 cm, valkoinen kiilt\u00e4v\u00e4, soft-close-saranat, kromatut vetimet"},"content":{"rendered":"<p data-start=\"262\" data-end=\"520\">Harma-sivukaappi lis\u00e4\u00e4 kylpyhuoneen s\u00e4ilytystilaa. Yhteensopiva Harma-allaskaappien ja peilikaappien kanssa. Valkoinen kiilt\u00e4v\u00e4 pinta ja kromiprofiilit.<\/p>\n","protected":false},"excerpt":{"rendered":"<p data-start=\"262\" data-end=\"520\">Harma-sivukaappi lis\u00e4\u00e4 kylpyhuoneen s\u00e4ilytystilaa. Yhteensopiva Harma-allaskaappien ja peilikaappien kanssa. Valkoinen kiilt\u00e4v\u00e4 pinta ja kromiprofiilit.<\/p>\n","protected":false},"featured_media":4335,"template":"","meta":[],"product_cat":[1083],"product_tag":[298],"acf":[],"_links":{"self":[{"href":"https:\/\/harma.ee\/fi\/wp-json\/wp\/v2\/product\/7362"}],"collection":[{"href":"https:\/\/harma.ee\/fi\/wp-json\/wp\/v2\/product"}],"about":[{"href":"https:\/\/harma.ee\/fi\/wp-json\/wp\/v2\/types\/product"}],"wp:featuredmedia":[{"embeddable":true,"href":"https:\/\/harma.ee\/fi\/wp-json\/wp\/v2\/media\/4335"}],"wp:attachment":[{"href":"https:\/\/harma.ee\/fi\/wp-json\/wp\/v2\/media?parent=7362"}],"wp:term":[{"taxonomy":"product_cat","embeddable":true,"href":"https:\/\/harma.ee\/fi\/wp-json\/wp\/v2\/product_cat?post=7362"},{"taxonomy":"product_tag","embeddable":true,"href":"https:\/\/harma.ee\/fi\/wp-json\/wp\/v2\/product_tag?post=7362"}],"curies":[{"name":"wp","href":"https:\/\/api.w.org\/{rel}","templated":true}]}}