{"id":7369,"date":"2021-06-29T14:28:48","date_gmt":"2021-06-29T12:28:48","guid":{"rendered":"https:\/\/harma.ee\/peeglikapp-harma-led-valgustusega-ip44-450x220x724mm-valge\/"},"modified":"2026-01-28T11:00:23","modified_gmt":"2026-01-28T09:00:23","slug":"peilikaappi-harma-led-valolla-ip44-450x220x724mm-valkoinen","status":"publish","type":"product","link":"https:\/\/harma.ee\/fi\/peilikaappi-harma-led-valolla-ip44-450x220x724mm-valkoinen\/","title":{"rendered":"LED-valaistu peilikaappi Harma IP44 450x220x724 mm, valkoinen"},"content":{"rendered":"<p data-start=\"221\" data-end=\"417\">Harma-peilikaappi lasiovella, pistorasialla ja LED-kohdevalolla on helppo asentaa ja huoltaa, ja se lis\u00e4\u00e4 s\u00e4ilytystilaa.<\/p>\n","protected":false},"excerpt":{"rendered":"<p data-start=\"221\" data-end=\"417\">Harma-peilikaappi lasiovella, pistorasialla ja LED-kohdevalolla on helppo asentaa ja huoltaa, ja se lis\u00e4\u00e4 s\u00e4ilytystilaa.<\/p>\n","protected":false},"featured_media":4351,"template":"","meta":[],"product_cat":[1082],"product_tag":[298],"acf":[],"_links":{"self":[{"href":"https:\/\/harma.ee\/fi\/wp-json\/wp\/v2\/product\/7369"}],"collection":[{"href":"https:\/\/harma.ee\/fi\/wp-json\/wp\/v2\/product"}],"about":[{"href":"https:\/\/harma.ee\/fi\/wp-json\/wp\/v2\/types\/product"}],"wp:featuredmedia":[{"embeddable":true,"href":"https:\/\/harma.ee\/fi\/wp-json\/wp\/v2\/media\/4351"}],"wp:attachment":[{"href":"https:\/\/harma.ee\/fi\/wp-json\/wp\/v2\/media?parent=7369"}],"wp:term":[{"taxonomy":"product_cat","embeddable":true,"href":"https:\/\/harma.ee\/fi\/wp-json\/wp\/v2\/product_cat?post=7369"},{"taxonomy":"product_tag","embeddable":true,"href":"https:\/\/harma.ee\/fi\/wp-json\/wp\/v2\/product_tag?post=7369"}],"curies":[{"name":"wp","href":"https:\/\/api.w.org\/{rel}","templated":true}]}}