{"id":7374,"date":"2021-06-29T14:28:45","date_gmt":"2021-06-29T12:28:45","guid":{"rendered":"https:\/\/harma.ee\/seinakapp-harma-serena-351x250x1400-mm-valge\/"},"modified":"2026-01-28T11:02:37","modified_gmt":"2026-01-28T09:02:37","slug":"seinakaappi-harma-serena-351x250x1400-mm-valkoinen","status":"publish","type":"product","link":"https:\/\/harma.ee\/fi\/seinakaappi-harma-serena-351x250x1400-mm-valkoinen\/","title":{"rendered":"Sein\u00e4kaappi Harma Serena 351x250x1400 mm, valkoinen"},"content":{"rendered":"<p data-start=\"240\" data-end=\"475\">Korkea Harma Serena -sein\u00e4kaappi lis\u00e4\u00e4 kylpyhuoneen s\u00e4ilytystilaa. Yhteensopiva Serena-allaskaappien ja peilikaappien kanssa. Valkoinen kiilt\u00e4v\u00e4 pinta ja kromiprofiilit.<\/p>\n","protected":false},"excerpt":{"rendered":"<p data-start=\"240\" data-end=\"475\">Korkea Harma Serena -sein\u00e4kaappi lis\u00e4\u00e4 kylpyhuoneen s\u00e4ilytystilaa. Yhteensopiva Serena-allaskaappien ja peilikaappien kanssa. Valkoinen kiilt\u00e4v\u00e4 pinta ja kromiprofiilit.<\/p>\n","protected":false},"featured_media":4371,"template":"","meta":[],"product_cat":[1083],"product_tag":[345],"acf":[],"_links":{"self":[{"href":"https:\/\/harma.ee\/fi\/wp-json\/wp\/v2\/product\/7374"}],"collection":[{"href":"https:\/\/harma.ee\/fi\/wp-json\/wp\/v2\/product"}],"about":[{"href":"https:\/\/harma.ee\/fi\/wp-json\/wp\/v2\/types\/product"}],"wp:featuredmedia":[{"embeddable":true,"href":"https:\/\/harma.ee\/fi\/wp-json\/wp\/v2\/media\/4371"}],"wp:attachment":[{"href":"https:\/\/harma.ee\/fi\/wp-json\/wp\/v2\/media?parent=7374"}],"wp:term":[{"taxonomy":"product_cat","embeddable":true,"href":"https:\/\/harma.ee\/fi\/wp-json\/wp\/v2\/product_cat?post=7374"},{"taxonomy":"product_tag","embeddable":true,"href":"https:\/\/harma.ee\/fi\/wp-json\/wp\/v2\/product_tag?post=7374"}],"curies":[{"name":"wp","href":"https:\/\/api.w.org\/{rel}","templated":true}]}}