{"id":7381,"date":"2021-06-29T14:28:42","date_gmt":"2021-06-29T12:28:42","guid":{"rendered":"https:\/\/harma.ee\/valamu-ja-valamukapp-harma-450x289x710-500x420-mm-valge\/"},"modified":"2026-01-28T11:12:58","modified_gmt":"2026-01-28T09:12:58","slug":"pesuallas-ja-pesuallaskaappi-harma-485x300x820-510x430-mm-valkoinen","status":"publish","type":"product","link":"https:\/\/harma.ee\/fi\/pesuallas-ja-pesuallaskaappi-harma-485x300x820-510x430-mm-valkoinen\/","title":{"rendered":"Pesuallas ja allaskaappi Harma 450x289x710 (500&#215;420) mm, valkoinen"},"content":{"rendered":"<p data-start=\"243\" data-end=\"480\">Valkokiiltoinen Harma-allaskaappi pesualtaalla. Sopii erityisesti pienempiin kylpyhuoneisiin s\u00e4ilytystilan lis\u00e4\u00e4miseksi. Helppo asentaa ja huoltaa, kest\u00e4v\u00e4.<\/p>\n","protected":false},"excerpt":{"rendered":"<p data-start=\"243\" data-end=\"480\">Valkokiiltoinen Harma-allaskaappi pesualtaalla. Sopii erityisesti pienempiin kylpyhuoneisiin s\u00e4ilytystilan lis\u00e4\u00e4miseksi. Helppo asentaa ja huoltaa, kest\u00e4v\u00e4.<\/p>\n","protected":false},"featured_media":4387,"template":"","meta":[],"product_cat":[1084],"product_tag":[298],"acf":[],"_links":{"self":[{"href":"https:\/\/harma.ee\/fi\/wp-json\/wp\/v2\/product\/7381"}],"collection":[{"href":"https:\/\/harma.ee\/fi\/wp-json\/wp\/v2\/product"}],"about":[{"href":"https:\/\/harma.ee\/fi\/wp-json\/wp\/v2\/types\/product"}],"wp:featuredmedia":[{"embeddable":true,"href":"https:\/\/harma.ee\/fi\/wp-json\/wp\/v2\/media\/4387"}],"wp:attachment":[{"href":"https:\/\/harma.ee\/fi\/wp-json\/wp\/v2\/media?parent=7381"}],"wp:term":[{"taxonomy":"product_cat","embeddable":true,"href":"https:\/\/harma.ee\/fi\/wp-json\/wp\/v2\/product_cat?post=7381"},{"taxonomy":"product_tag","embeddable":true,"href":"https:\/\/harma.ee\/fi\/wp-json\/wp\/v2\/product_tag?post=7381"}],"curies":[{"name":"wp","href":"https:\/\/api.w.org\/{rel}","templated":true}]}}