{"id":7382,"date":"2021-06-29T14:28:03","date_gmt":"2021-06-29T12:28:03","guid":{"rendered":"https:\/\/harma.ee\/harma-aio-valamu-valamukapp-peegel-80cm-valge\/"},"modified":"2023-09-25T12:32:44","modified_gmt":"2023-09-25T10:32:44","slug":"harma-aio-allas-allaskaappi-peili-80-cm-valkoinen","status":"publish","type":"product","link":"https:\/\/harma.ee\/fi\/harma-aio-allas-allaskaappi-peili-80-cm-valkoinen\/","title":{"rendered":"Harma AIO (Valamu + Valamukapp + Peegel ) 80cm, Valge"},"content":{"rendered":"<p>Valge Harma AIO seeria valamukapi, kraanikausi ja seinapeegli komplekt on ideaalne k\u00f5ik \u00fches pakett vannitoa sisekujunduse t\u00f5stmiseks, pakkudes samal ajal t\u00e4iendavat hoiuruumi.<\/p>\n","protected":false},"excerpt":{"rendered":"<p>Valge Harma AIO seeria valamukapi, kraanikausi ja seinapeegli komplekt on ideaalne k\u00f5ik \u00fches pakett vannitoa sisekujunduse t\u00f5stmiseks, pakkudes samal ajal t\u00e4iendavat hoiuruumi.<\/p>\n","protected":false},"featured_media":4403,"template":"","meta":[],"product_cat":[1084],"product_tag":[252],"acf":[],"_links":{"self":[{"href":"https:\/\/harma.ee\/fi\/wp-json\/wp\/v2\/product\/7382"}],"collection":[{"href":"https:\/\/harma.ee\/fi\/wp-json\/wp\/v2\/product"}],"about":[{"href":"https:\/\/harma.ee\/fi\/wp-json\/wp\/v2\/types\/product"}],"wp:featuredmedia":[{"embeddable":true,"href":"https:\/\/harma.ee\/fi\/wp-json\/wp\/v2\/media\/4403"}],"wp:attachment":[{"href":"https:\/\/harma.ee\/fi\/wp-json\/wp\/v2\/media?parent=7382"}],"wp:term":[{"taxonomy":"product_cat","embeddable":true,"href":"https:\/\/harma.ee\/fi\/wp-json\/wp\/v2\/product_cat?post=7382"},{"taxonomy":"product_tag","embeddable":true,"href":"https:\/\/harma.ee\/fi\/wp-json\/wp\/v2\/product_tag?post=7382"}],"curies":[{"name":"wp","href":"https:\/\/api.w.org\/{rel}","templated":true}]}}