{"id":7384,"date":"2021-06-29T14:28:02","date_gmt":"2021-06-29T12:28:02","guid":{"rendered":"https:\/\/harma.ee\/harma-aio-valamu-valamukapp-peegel-80cm-hall\/"},"modified":"2026-01-28T11:22:14","modified_gmt":"2026-01-28T09:22:14","slug":"harma-aio-allas-allaskaappi-peili-80-cm-harmaa","status":"publish","type":"product","link":"https:\/\/harma.ee\/fi\/harma-aio-allas-allaskaappi-peili-80-cm-harmaa\/","title":{"rendered":"Harma AIO (pesuallas + allaskaappi + peili) 80 cm, harmaa"},"content":{"rendered":"<p data-start=\"238\" data-end=\"478\">Harma AIO -sarjan harmaa allaskaappi-, pesuallas- ja sein\u00e4peilisetti on toimiva kaikki yhdess\u00e4 -ratkaisu kylpyhuoneen ilmeen parantamiseen ja s\u00e4ilytystilan lis\u00e4\u00e4miseen.<\/p>\n","protected":false},"excerpt":{"rendered":"<p data-start=\"238\" data-end=\"478\">Harma AIO -sarjan harmaa allaskaappi-, pesuallas- ja sein\u00e4peilisetti on toimiva kaikki yhdess\u00e4 -ratkaisu kylpyhuoneen ilmeen parantamiseen ja s\u00e4ilytystilan lis\u00e4\u00e4miseen.<\/p>\n","protected":false},"featured_media":4411,"template":"","meta":[],"product_cat":[1084],"product_tag":[252],"acf":[],"_links":{"self":[{"href":"https:\/\/harma.ee\/fi\/wp-json\/wp\/v2\/product\/7384"}],"collection":[{"href":"https:\/\/harma.ee\/fi\/wp-json\/wp\/v2\/product"}],"about":[{"href":"https:\/\/harma.ee\/fi\/wp-json\/wp\/v2\/types\/product"}],"wp:featuredmedia":[{"embeddable":true,"href":"https:\/\/harma.ee\/fi\/wp-json\/wp\/v2\/media\/4411"}],"wp:attachment":[{"href":"https:\/\/harma.ee\/fi\/wp-json\/wp\/v2\/media?parent=7384"}],"wp:term":[{"taxonomy":"product_cat","embeddable":true,"href":"https:\/\/harma.ee\/fi\/wp-json\/wp\/v2\/product_cat?post=7384"},{"taxonomy":"product_tag","embeddable":true,"href":"https:\/\/harma.ee\/fi\/wp-json\/wp\/v2\/product_tag?post=7384"}],"curies":[{"name":"wp","href":"https:\/\/api.w.org\/{rel}","templated":true}]}}