{"id":7408,"date":"2021-06-29T12:29:43","date_gmt":"2021-06-29T10:29:43","guid":{"rendered":"https:\/\/harma.ee\/koogisegisti-harma-2108n-nikkel\/"},"modified":"2026-01-28T13:07:31","modified_gmt":"2026-01-28T11:07:31","slug":"keittiohana-harmaa-2108n-nikkeli","status":"publish","type":"product","link":"https:\/\/harma.ee\/fi\/keittiohana-harmaa-2108n-nikkeli\/","title":{"rendered":"Keitti\u00f6hana Harma 2108N, nikkeli"},"content":{"rendered":"<p data-start=\"217\" data-end=\"429\">Harma-keitti\u00f6hanat erottuvat modernilla muotoilulla ja k\u00e4yt\u00e4nn\u00f6llisyydell\u00e4. Sivulle liikkuva juoksuputki sek\u00e4 kest\u00e4v\u00e4 ja ergonominen rakenne tukevat sujuvaa k\u00e4ytt\u00f6\u00e4.<\/p>\n","protected":false},"excerpt":{"rendered":"<p data-start=\"217\" data-end=\"429\">Harma-keitti\u00f6hanat erottuvat modernilla muotoilulla ja k\u00e4yt\u00e4nn\u00f6llisyydell\u00e4. Sivulle liikkuva juoksuputki sek\u00e4 kest\u00e4v\u00e4 ja ergonominen rakenne tukevat sujuvaa k\u00e4ytt\u00f6\u00e4.<\/p>\n","protected":false},"featured_media":4702,"template":"","meta":[],"product_cat":[382,397],"product_tag":[426],"acf":[],"_links":{"self":[{"href":"https:\/\/harma.ee\/fi\/wp-json\/wp\/v2\/product\/7408"}],"collection":[{"href":"https:\/\/harma.ee\/fi\/wp-json\/wp\/v2\/product"}],"about":[{"href":"https:\/\/harma.ee\/fi\/wp-json\/wp\/v2\/types\/product"}],"wp:featuredmedia":[{"embeddable":true,"href":"https:\/\/harma.ee\/fi\/wp-json\/wp\/v2\/media\/4702"}],"wp:attachment":[{"href":"https:\/\/harma.ee\/fi\/wp-json\/wp\/v2\/media?parent=7408"}],"wp:term":[{"taxonomy":"product_cat","embeddable":true,"href":"https:\/\/harma.ee\/fi\/wp-json\/wp\/v2\/product_cat?post=7408"},{"taxonomy":"product_tag","embeddable":true,"href":"https:\/\/harma.ee\/fi\/wp-json\/wp\/v2\/product_tag?post=7408"}],"curies":[{"name":"wp","href":"https:\/\/api.w.org\/{rel}","templated":true}]}}