{"id":7410,"date":"2021-06-29T14:29:48","date_gmt":"2021-06-29T12:29:48","guid":{"rendered":"https:\/\/harma.ee\/vannisegisti-komplekt-3-augule-victoria-4017-cr\/"},"modified":"2026-01-27T16:47:58","modified_gmt":"2026-01-27T14:47:58","slug":"ammehana-setti-3-reikainen-victoria-4017-kr","status":"publish","type":"product","link":"https:\/\/harma.ee\/fi\/ammehana-setti-3-reikainen-victoria-4017-kr\/","title":{"rendered":"Kolmireik\u00e4inen ammehanasetti Victoria 4017, kromi"},"content":{"rendered":"<p data-start=\"224\" data-end=\"451\">Victoria-sarja yhdist\u00e4\u00e4 klassisen, modernin ja pohjoismaisen muotoilun sek\u00e4 selkeyden ja eleganssin. Kest\u00e4v\u00e4 rakenne ja kaareva muoto sopivat kylpyhuoneremonttiin.<\/p>\n","protected":false},"excerpt":{"rendered":"<p data-start=\"224\" data-end=\"451\">Victoria-sarja yhdist\u00e4\u00e4 klassisen, modernin ja pohjoismaisen muotoilun sek\u00e4 selkeyden ja eleganssin. Kest\u00e4v\u00e4 rakenne ja kaareva muoto sopivat kylpyhuoneremonttiin.<\/p>\n","protected":false},"featured_media":4208,"template":"","meta":[],"product_cat":[382,416],"product_tag":[329],"acf":[],"_links":{"self":[{"href":"https:\/\/harma.ee\/fi\/wp-json\/wp\/v2\/product\/7410"}],"collection":[{"href":"https:\/\/harma.ee\/fi\/wp-json\/wp\/v2\/product"}],"about":[{"href":"https:\/\/harma.ee\/fi\/wp-json\/wp\/v2\/types\/product"}],"wp:featuredmedia":[{"embeddable":true,"href":"https:\/\/harma.ee\/fi\/wp-json\/wp\/v2\/media\/4208"}],"wp:attachment":[{"href":"https:\/\/harma.ee\/fi\/wp-json\/wp\/v2\/media?parent=7410"}],"wp:term":[{"taxonomy":"product_cat","embeddable":true,"href":"https:\/\/harma.ee\/fi\/wp-json\/wp\/v2\/product_cat?post=7410"},{"taxonomy":"product_tag","embeddable":true,"href":"https:\/\/harma.ee\/fi\/wp-json\/wp\/v2\/product_tag?post=7410"}],"curies":[{"name":"wp","href":"https:\/\/api.w.org\/{rel}","templated":true}]}}