{"id":7412,"date":"2021-06-29T14:29:47","date_gmt":"2021-06-29T12:29:47","guid":{"rendered":"https:\/\/harma.ee\/vannisegisti-harma-victoria-3017fzc-cr-pika-tilaga\/"},"modified":"2026-01-28T09:21:21","modified_gmt":"2026-01-28T07:21:21","slug":"ammehana-harma-victoria-3017fzc-cr-pitka-nokka","status":"publish","type":"product","link":"https:\/\/harma.ee\/fi\/ammehana-harma-victoria-3017fzc-cr-pitka-nokka\/","title":{"rendered":"Ammehana Harma Victoria 3017FZC pitk\u00e4ll\u00e4 juoksuputkella, kromi"},"content":{"rendered":"<p data-start=\"256\" data-end=\"515\">Victoria-sarja yhdist\u00e4\u00e4 klassisen, modernin ja pohjoismaisen hanamuotoilun sek\u00e4 selkeyden ja eleganssin. Kest\u00e4vyys ja kaareva muoto tekev\u00e4t siit\u00e4 hyv\u00e4n valinnan kylpyhuoneremonttiin.<\/p>\n","protected":false},"excerpt":{"rendered":"<p data-start=\"256\" data-end=\"515\">Victoria-sarja yhdist\u00e4\u00e4 klassisen, modernin ja pohjoismaisen hanamuotoilun sek\u00e4 selkeyden ja eleganssin. Kest\u00e4vyys ja kaareva muoto tekev\u00e4t siit\u00e4 hyv\u00e4n valinnan kylpyhuoneremonttiin.<\/p>\n","protected":false},"featured_media":4214,"template":"","meta":[],"product_cat":[382,416],"product_tag":[329],"acf":[],"_links":{"self":[{"href":"https:\/\/harma.ee\/fi\/wp-json\/wp\/v2\/product\/7412"}],"collection":[{"href":"https:\/\/harma.ee\/fi\/wp-json\/wp\/v2\/product"}],"about":[{"href":"https:\/\/harma.ee\/fi\/wp-json\/wp\/v2\/types\/product"}],"wp:featuredmedia":[{"embeddable":true,"href":"https:\/\/harma.ee\/fi\/wp-json\/wp\/v2\/media\/4214"}],"wp:attachment":[{"href":"https:\/\/harma.ee\/fi\/wp-json\/wp\/v2\/media?parent=7412"}],"wp:term":[{"taxonomy":"product_cat","embeddable":true,"href":"https:\/\/harma.ee\/fi\/wp-json\/wp\/v2\/product_cat?post=7412"},{"taxonomy":"product_tag","embeddable":true,"href":"https:\/\/harma.ee\/fi\/wp-json\/wp\/v2\/product_tag?post=7412"}],"curies":[{"name":"wp","href":"https:\/\/api.w.org\/{rel}","templated":true}]}}