{"id":7414,"date":"2021-06-29T14:29:46","date_gmt":"2021-06-29T12:29:46","guid":{"rendered":"https:\/\/harma.ee\/koogisegisti-harma-victoria-3017c-cr-seinale\/"},"modified":"2026-01-28T09:25:06","modified_gmt":"2026-01-28T07:25:06","slug":"keittiohana-harmaa-victoria-3017c-cr-seina","status":"publish","type":"product","link":"https:\/\/harma.ee\/fi\/keittiohana-harmaa-victoria-3017c-cr-seina\/","title":{"rendered":"Sein\u00e4asenteinen keitti\u00f6hana Harma Victoria 3017C, kromi"},"content":{"rendered":"<p data-start=\"254\" data-end=\"497\">Victoria-sarja yhdist\u00e4\u00e4 klassisen, modernin ja pohjoismaisen hanamuotoilun sek\u00e4 selkeyden ja eleganssin. Kest\u00e4vyys ja kaareva muoto tekev\u00e4t siit\u00e4 sopivan remonttikohteisiin.<\/p>\n","protected":false},"excerpt":{"rendered":"<p data-start=\"254\" data-end=\"497\">Victoria-sarja yhdist\u00e4\u00e4 klassisen, modernin ja pohjoismaisen hanamuotoilun sek\u00e4 selkeyden ja eleganssin. Kest\u00e4vyys ja kaareva muoto tekev\u00e4t siit\u00e4 sopivan remonttikohteisiin.<\/p>\n","protected":false},"featured_media":4222,"template":"","meta":[],"product_cat":[382,416],"product_tag":[329],"acf":[],"_links":{"self":[{"href":"https:\/\/harma.ee\/fi\/wp-json\/wp\/v2\/product\/7414"}],"collection":[{"href":"https:\/\/harma.ee\/fi\/wp-json\/wp\/v2\/product"}],"about":[{"href":"https:\/\/harma.ee\/fi\/wp-json\/wp\/v2\/types\/product"}],"wp:featuredmedia":[{"embeddable":true,"href":"https:\/\/harma.ee\/fi\/wp-json\/wp\/v2\/media\/4222"}],"wp:attachment":[{"href":"https:\/\/harma.ee\/fi\/wp-json\/wp\/v2\/media?parent=7414"}],"wp:term":[{"taxonomy":"product_cat","embeddable":true,"href":"https:\/\/harma.ee\/fi\/wp-json\/wp\/v2\/product_cat?post=7414"},{"taxonomy":"product_tag","embeddable":true,"href":"https:\/\/harma.ee\/fi\/wp-json\/wp\/v2\/product_tag?post=7414"}],"curies":[{"name":"wp","href":"https:\/\/api.w.org\/{rel}","templated":true}]}}