{"id":7417,"date":"2021-06-29T14:29:42","date_gmt":"2021-06-29T12:29:42","guid":{"rendered":"https:\/\/harma.ee\/koogisegisti-harma-victoria-2017c-cr\/"},"modified":"2026-01-28T10:03:02","modified_gmt":"2026-01-28T08:03:02","slug":"keittiohana-harma-victoria-2017c-kr","status":"publish","type":"product","link":"https:\/\/harma.ee\/fi\/keittiohana-harma-victoria-2017c-kr\/","title":{"rendered":"Keitti\u00f6hana Harma Victoria 2017C, kromi"},"content":{"rendered":"<p data-start=\"225\" data-end=\"439\">Victoria-sarja yhdist\u00e4\u00e4 klassinen, moderni ja pohjoismainen hanamuotoilu sek\u00e4 selkeys ja eleganssi. Kest\u00e4vyys ja kaareva muoto sopivat hyvin remonttikohteisiin.<\/p>\n","protected":false},"excerpt":{"rendered":"<p data-start=\"225\" data-end=\"439\">Victoria-sarja yhdist\u00e4\u00e4 klassinen, moderni ja pohjoismainen hanamuotoilu sek\u00e4 selkeys ja eleganssi. Kest\u00e4vyys ja kaareva muoto sopivat hyvin remonttikohteisiin.<\/p>\n","protected":false},"featured_media":4238,"template":"","meta":[],"product_cat":[382,416],"product_tag":[329],"acf":[],"_links":{"self":[{"href":"https:\/\/harma.ee\/fi\/wp-json\/wp\/v2\/product\/7417"}],"collection":[{"href":"https:\/\/harma.ee\/fi\/wp-json\/wp\/v2\/product"}],"about":[{"href":"https:\/\/harma.ee\/fi\/wp-json\/wp\/v2\/types\/product"}],"wp:featuredmedia":[{"embeddable":true,"href":"https:\/\/harma.ee\/fi\/wp-json\/wp\/v2\/media\/4238"}],"wp:attachment":[{"href":"https:\/\/harma.ee\/fi\/wp-json\/wp\/v2\/media?parent=7417"}],"wp:term":[{"taxonomy":"product_cat","embeddable":true,"href":"https:\/\/harma.ee\/fi\/wp-json\/wp\/v2\/product_cat?post=7417"},{"taxonomy":"product_tag","embeddable":true,"href":"https:\/\/harma.ee\/fi\/wp-json\/wp\/v2\/product_tag?post=7417"}],"curies":[{"name":"wp","href":"https:\/\/api.w.org\/{rel}","templated":true}]}}