{"id":7419,"date":"2021-06-29T14:29:25","date_gmt":"2021-06-29T12:29:25","guid":{"rendered":"https:\/\/harma.ee\/valamusegisti-harma-victoria-1017-cr\/"},"modified":"2026-01-28T10:11:29","modified_gmt":"2026-01-28T08:11:29","slug":"pesuallashana-harma-victoria-1017-kr","status":"publish","type":"product","link":"https:\/\/harma.ee\/fi\/pesuallashana-harma-victoria-1017-kr\/","title":{"rendered":"Pesuallashana Harma Victoria 1017, kromi"},"content":{"rendered":"<p data-start=\"219\" data-end=\"430\">Victoria-sarja yhdist\u00e4\u00e4 klassinen, moderni ja pohjoismainen hanamuotoilu sek\u00e4 selkeys ja eleganssi. Kaareva muoto ja kest\u00e4vyys sopivat kylpyhuoneremonttiin.<\/p>\n","protected":false},"excerpt":{"rendered":"<p data-start=\"219\" data-end=\"430\">Victoria-sarja yhdist\u00e4\u00e4 klassinen, moderni ja pohjoismainen hanamuotoilu sek\u00e4 selkeys ja eleganssi. Kaareva muoto ja kest\u00e4vyys sopivat kylpyhuoneremonttiin.<\/p>\n","protected":false},"featured_media":4252,"template":"","meta":[],"product_cat":[1091,382,416],"product_tag":[329],"acf":[],"_links":{"self":[{"href":"https:\/\/harma.ee\/fi\/wp-json\/wp\/v2\/product\/7419"}],"collection":[{"href":"https:\/\/harma.ee\/fi\/wp-json\/wp\/v2\/product"}],"about":[{"href":"https:\/\/harma.ee\/fi\/wp-json\/wp\/v2\/types\/product"}],"wp:featuredmedia":[{"embeddable":true,"href":"https:\/\/harma.ee\/fi\/wp-json\/wp\/v2\/media\/4252"}],"wp:attachment":[{"href":"https:\/\/harma.ee\/fi\/wp-json\/wp\/v2\/media?parent=7419"}],"wp:term":[{"taxonomy":"product_cat","embeddable":true,"href":"https:\/\/harma.ee\/fi\/wp-json\/wp\/v2\/product_cat?post=7419"},{"taxonomy":"product_tag","embeddable":true,"href":"https:\/\/harma.ee\/fi\/wp-json\/wp\/v2\/product_tag?post=7419"}],"curies":[{"name":"wp","href":"https:\/\/api.w.org\/{rel}","templated":true}]}}