{"id":7422,"date":"2021-06-29T14:30:27","date_gmt":"2021-06-29T12:30:27","guid":{"rendered":"https:\/\/harma.ee\/dusi-vannisegisti-harma-sylvia-9027-cr\/"},"modified":"2026-01-27T15:17:46","modified_gmt":"2026-01-27T13:17:46","slug":"suihku-ammehana-harma-sylvia-9027-kromi","status":"publish","type":"product","link":"https:\/\/harma.ee\/fi\/suihku-ammehana-harma-sylvia-9027-kromi\/","title":{"rendered":"Suihku- ja ammehana Harma Sylvia 9027, kromi"},"content":{"rendered":"<p>Sylvia-pesuallas- ja suihkuhanojen ainutlaatuinen muotoilu tekee niist\u00e4 arvostetun osan kylpyhuonetta. Keitti\u00f6hanat erottuvat korkealla juoksuputkella, joka sopii hyvin keitti\u00f6\u00f6n.<\/p>\n","protected":false},"excerpt":{"rendered":"<p>Sylvia-pesuallas- ja suihkuhanojen ainutlaatuinen muotoilu tekee niist\u00e4 arvostetun osan kylpyhuonetta. Keitti\u00f6hanat erottuvat korkealla juoksuputkella, joka sopii hyvin keitti\u00f6\u00f6n.<\/p>\n","protected":false},"featured_media":4102,"template":"","meta":[],"product_cat":[382,407],"product_tag":[349],"acf":[],"_links":{"self":[{"href":"https:\/\/harma.ee\/fi\/wp-json\/wp\/v2\/product\/7422"}],"collection":[{"href":"https:\/\/harma.ee\/fi\/wp-json\/wp\/v2\/product"}],"about":[{"href":"https:\/\/harma.ee\/fi\/wp-json\/wp\/v2\/types\/product"}],"wp:featuredmedia":[{"embeddable":true,"href":"https:\/\/harma.ee\/fi\/wp-json\/wp\/v2\/media\/4102"}],"wp:attachment":[{"href":"https:\/\/harma.ee\/fi\/wp-json\/wp\/v2\/media?parent=7422"}],"wp:term":[{"taxonomy":"product_cat","embeddable":true,"href":"https:\/\/harma.ee\/fi\/wp-json\/wp\/v2\/product_cat?post=7422"},{"taxonomy":"product_tag","embeddable":true,"href":"https:\/\/harma.ee\/fi\/wp-json\/wp\/v2\/product_tag?post=7422"}],"curies":[{"name":"wp","href":"https:\/\/api.w.org\/{rel}","templated":true}]}}