{"id":7424,"date":"2021-06-29T14:29:51","date_gmt":"2021-06-29T12:29:51","guid":{"rendered":"https:\/\/harma.ee\/valamusegisti-harma-sylvia-6322-cr\/"},"modified":"2026-01-27T16:44:20","modified_gmt":"2026-01-27T14:44:20","slug":"pesuallashana-harma-sylvia-6322-kr","status":"publish","type":"product","link":"https:\/\/harma.ee\/fi\/pesuallashana-harma-sylvia-6322-kr\/","title":{"rendered":"Pesuallashana Harma Sylvia 6322, kromi"},"content":{"rendered":"<p data-start=\"262\" data-end=\"539\">Sylvia-pesuallas- ja suihkuhanojen ainutlaatuinen muotoilu tekee niist\u00e4 arvostetun valinnan kylpyhuoneeseen. Keitti\u00f6hanat ovat toimivia, kest\u00e4vi\u00e4 ja huolellisesti muotoiltuja, ja niiss\u00e4 on korkea juoksuputki keitti\u00f6k\u00e4ytt\u00f6\u00f6n.<\/p>\n","protected":false},"excerpt":{"rendered":"<p data-start=\"262\" data-end=\"539\">Sylvia-pesuallas- ja suihkuhanojen ainutlaatuinen muotoilu tekee niist\u00e4 arvostetun valinnan kylpyhuoneeseen. Keitti\u00f6hanat ovat toimivia, kest\u00e4vi\u00e4 ja huolellisesti muotoiltuja, ja niiss\u00e4 on korkea juoksuputki keitti\u00f6k\u00e4ytt\u00f6\u00f6n.<\/p>\n","protected":false},"featured_media":4192,"template":"","meta":[],"product_cat":[1091,382,407],"product_tag":[349],"acf":[],"_links":{"self":[{"href":"https:\/\/harma.ee\/fi\/wp-json\/wp\/v2\/product\/7424"}],"collection":[{"href":"https:\/\/harma.ee\/fi\/wp-json\/wp\/v2\/product"}],"about":[{"href":"https:\/\/harma.ee\/fi\/wp-json\/wp\/v2\/types\/product"}],"wp:featuredmedia":[{"embeddable":true,"href":"https:\/\/harma.ee\/fi\/wp-json\/wp\/v2\/media\/4192"}],"wp:attachment":[{"href":"https:\/\/harma.ee\/fi\/wp-json\/wp\/v2\/media?parent=7424"}],"wp:term":[{"taxonomy":"product_cat","embeddable":true,"href":"https:\/\/harma.ee\/fi\/wp-json\/wp\/v2\/product_cat?post=7424"},{"taxonomy":"product_tag","embeddable":true,"href":"https:\/\/harma.ee\/fi\/wp-json\/wp\/v2\/product_tag?post=7424"}],"curies":[{"name":"wp","href":"https:\/\/api.w.org\/{rel}","templated":true}]}}