{"id":7426,"date":"2021-06-29T14:29:50","date_gmt":"2021-06-29T12:29:50","guid":{"rendered":"https:\/\/harma.ee\/dusisegisti-harma-sylvia-6027-cr\/"},"modified":"2023-09-08T14:39:33","modified_gmt":"2023-09-08T12:39:33","slug":"suihkuhana-harma-sylvia-6027-kr","status":"publish","type":"product","link":"https:\/\/harma.ee\/fi\/suihkuhana-harma-sylvia-6027-kr\/","title":{"rendered":"Du\u0161isegisti Harma Sylvia 6027, Cr"},"content":{"rendered":"<p>Sylvia valamu- ja du\u0161isegistite unikaalsed disainid muudavad need vannitoa aksessuaaride hulgas hinnaliseks. Funktsionaalsetel, vastupidavatel ja asjatundlikult kujundatud k\u00f6\u00f6gisegistitel on pikk ja k\u00f5rge toru mis sobib eriti h\u00e4sti k\u00f6\u00f6ki.<\/p>\n","protected":false},"excerpt":{"rendered":"<p>Sylvia valamu- ja du\u0161isegistite unikaalsed disainid muudavad need vannitoa aksessuaaride hulgas hinnaliseks. Funktsionaalsetel, vastupidavatel ja asjatundlikult kujundatud k\u00f6\u00f6gisegistitel on pikk ja k\u00f5rge toru mis sobib eriti h\u00e4sti k\u00f6\u00f6ki.<\/p>\n","protected":false},"featured_media":4198,"template":"","meta":[],"product_cat":[382,407],"product_tag":[349],"acf":[],"_links":{"self":[{"href":"https:\/\/harma.ee\/fi\/wp-json\/wp\/v2\/product\/7426"}],"collection":[{"href":"https:\/\/harma.ee\/fi\/wp-json\/wp\/v2\/product"}],"about":[{"href":"https:\/\/harma.ee\/fi\/wp-json\/wp\/v2\/types\/product"}],"wp:featuredmedia":[{"embeddable":true,"href":"https:\/\/harma.ee\/fi\/wp-json\/wp\/v2\/media\/4198"}],"wp:attachment":[{"href":"https:\/\/harma.ee\/fi\/wp-json\/wp\/v2\/media?parent=7426"}],"wp:term":[{"taxonomy":"product_cat","embeddable":true,"href":"https:\/\/harma.ee\/fi\/wp-json\/wp\/v2\/product_cat?post=7426"},{"taxonomy":"product_tag","embeddable":true,"href":"https:\/\/harma.ee\/fi\/wp-json\/wp\/v2\/product_tag?post=7426"}],"curies":[{"name":"wp","href":"https:\/\/api.w.org\/{rel}","templated":true}]}}