{"id":7431,"date":"2021-06-29T14:29:44","date_gmt":"2021-06-29T12:29:44","guid":{"rendered":"https:\/\/harma.ee\/koogisegisti-harma-sylvia-2127-28-cr\/"},"modified":"2026-01-28T09:53:33","modified_gmt":"2026-01-28T07:53:33","slug":"keittion-hana-harma-sylvia-2127-28-kr","status":"publish","type":"product","link":"https:\/\/harma.ee\/fi\/keittion-hana-harma-sylvia-2127-28-kr\/","title":{"rendered":"Keitti\u00f6hana Harma Sylvia 2127-28, kromi"},"content":{"rendered":"<p data-start=\"233\" data-end=\"476\">Sylvia-pesuallas- ja suihkuhanojen ainutlaatuinen muotoilu tekee niist\u00e4 arvostetun osan kylpyhuonetta. Keitti\u00f6hanat on varustettu korkealla juoksuputkella, joka sopii erityisesti keitti\u00f6\u00f6n.<\/p>\n","protected":false},"excerpt":{"rendered":"<p data-start=\"233\" data-end=\"476\">Sylvia-pesuallas- ja suihkuhanojen ainutlaatuinen muotoilu tekee niist\u00e4 arvostetun osan kylpyhuonetta. Keitti\u00f6hanat on varustettu korkealla juoksuputkella, joka sopii erityisesti keitti\u00f6\u00f6n.<\/p>\n","protected":false},"featured_media":4230,"template":"","meta":[],"product_cat":[382,407],"product_tag":[349],"acf":[],"_links":{"self":[{"href":"https:\/\/harma.ee\/fi\/wp-json\/wp\/v2\/product\/7431"}],"collection":[{"href":"https:\/\/harma.ee\/fi\/wp-json\/wp\/v2\/product"}],"about":[{"href":"https:\/\/harma.ee\/fi\/wp-json\/wp\/v2\/types\/product"}],"wp:featuredmedia":[{"embeddable":true,"href":"https:\/\/harma.ee\/fi\/wp-json\/wp\/v2\/media\/4230"}],"wp:attachment":[{"href":"https:\/\/harma.ee\/fi\/wp-json\/wp\/v2\/media?parent=7431"}],"wp:term":[{"taxonomy":"product_cat","embeddable":true,"href":"https:\/\/harma.ee\/fi\/wp-json\/wp\/v2\/product_cat?post=7431"},{"taxonomy":"product_tag","embeddable":true,"href":"https:\/\/harma.ee\/fi\/wp-json\/wp\/v2\/product_tag?post=7431"}],"curies":[{"name":"wp","href":"https:\/\/api.w.org\/{rel}","templated":true}]}}