{"id":7432,"date":"2021-06-29T14:29:26","date_gmt":"2021-06-29T12:29:26","guid":{"rendered":"https:\/\/harma.ee\/valamusegisti-harma-sylvia-1127-18-cr\/"},"modified":"2026-01-28T10:09:26","modified_gmt":"2026-01-28T08:09:26","slug":"pesuallashana-harma-sylvia-1127-18-kr","status":"publish","type":"product","link":"https:\/\/harma.ee\/fi\/pesuallashana-harma-sylvia-1127-18-kr\/","title":{"rendered":"Pesuallashana Harma Sylvia 1127-18, kromi"},"content":{"rendered":"<p data-start=\"231\" data-end=\"484\">Sylvia-pesuallas- ja suihkuhanojen ainutlaatuinen muotoilu tekee niist\u00e4 arvostetun valinnan kylpyhuoneeseen. Keitti\u00f6hanat on varustettu korkealla juoksuputkella, joka sopii erityisesti keitti\u00f6ihin.<\/p>\n","protected":false},"excerpt":{"rendered":"<p data-start=\"231\" data-end=\"484\">Sylvia-pesuallas- ja suihkuhanojen ainutlaatuinen muotoilu tekee niist\u00e4 arvostetun valinnan kylpyhuoneeseen. Keitti\u00f6hanat on varustettu korkealla juoksuputkella, joka sopii erityisesti keitti\u00f6ihin.<\/p>\n","protected":false},"featured_media":4244,"template":"","meta":[],"product_cat":[1091,382,407],"product_tag":[349],"acf":[],"_links":{"self":[{"href":"https:\/\/harma.ee\/fi\/wp-json\/wp\/v2\/product\/7432"}],"collection":[{"href":"https:\/\/harma.ee\/fi\/wp-json\/wp\/v2\/product"}],"about":[{"href":"https:\/\/harma.ee\/fi\/wp-json\/wp\/v2\/types\/product"}],"wp:featuredmedia":[{"embeddable":true,"href":"https:\/\/harma.ee\/fi\/wp-json\/wp\/v2\/media\/4244"}],"wp:attachment":[{"href":"https:\/\/harma.ee\/fi\/wp-json\/wp\/v2\/media?parent=7432"}],"wp:term":[{"taxonomy":"product_cat","embeddable":true,"href":"https:\/\/harma.ee\/fi\/wp-json\/wp\/v2\/product_cat?post=7432"},{"taxonomy":"product_tag","embeddable":true,"href":"https:\/\/harma.ee\/fi\/wp-json\/wp\/v2\/product_tag?post=7432"}],"curies":[{"name":"wp","href":"https:\/\/api.w.org\/{rel}","templated":true}]}}