{"id":7435,"date":"2021-06-29T14:29:49","date_gmt":"2021-06-29T12:29:49","guid":{"rendered":"https:\/\/harma.ee\/vannisegisti-komplekt-3-augule-armonie-4201-cr\/"},"modified":"2023-09-08T14:42:36","modified_gmt":"2023-09-08T12:42:36","slug":"ammehana-setti-3-reikainen-armonie-4201-kr","status":"publish","type":"product","link":"https:\/\/harma.ee\/fi\/ammehana-setti-3-reikainen-armonie-4201-kr\/","title":{"rendered":"Ammehana \/ setti Armonie 4201, kromi"},"content":{"rendered":"<p>Puhdas ja kest\u00e4v\u00e4 muotoilu, helppok\u00e4ytt\u00f6isyys ja yksinkertaisuus ovat vain muutamia niist\u00e4 monista ominaisuuksista, joilla Armonie-sarja erottuu Harma-tuotteista. Armonie-valikoimaan kuuluvat pesuallas-, kylpyamme- ja suihkuhanat, suihkusetit ja keitti\u00f6hanat. <\/p>\n","protected":false},"excerpt":{"rendered":"<p>Puhdas ja kest\u00e4v\u00e4 muotoilu, helppok\u00e4ytt\u00f6isyys ja yksinkertaisuus ovat vain muutamia niist\u00e4 monista ominaisuuksista, joilla Armonie-sarja erottuu Harma-tuotteista. Armonie-valikoimaan kuuluvat pesuallas-, kylpyamme- ja suihkuhanat, suihkusetit ja keitti\u00f6hanat. <\/p>\n","protected":false},"featured_media":4200,"template":"","meta":[],"product_cat":[382,386],"product_tag":[257],"acf":[],"_links":{"self":[{"href":"https:\/\/harma.ee\/fi\/wp-json\/wp\/v2\/product\/7435"}],"collection":[{"href":"https:\/\/harma.ee\/fi\/wp-json\/wp\/v2\/product"}],"about":[{"href":"https:\/\/harma.ee\/fi\/wp-json\/wp\/v2\/types\/product"}],"wp:featuredmedia":[{"embeddable":true,"href":"https:\/\/harma.ee\/fi\/wp-json\/wp\/v2\/media\/4200"}],"wp:attachment":[{"href":"https:\/\/harma.ee\/fi\/wp-json\/wp\/v2\/media?parent=7435"}],"wp:term":[{"taxonomy":"product_cat","embeddable":true,"href":"https:\/\/harma.ee\/fi\/wp-json\/wp\/v2\/product_cat?post=7435"},{"taxonomy":"product_tag","embeddable":true,"href":"https:\/\/harma.ee\/fi\/wp-json\/wp\/v2\/product_tag?post=7435"}],"curies":[{"name":"wp","href":"https:\/\/api.w.org\/{rel}","templated":true}]}}