{"id":7442,"date":"2021-06-29T12:29:33","date_gmt":"2021-06-29T10:29:33","guid":{"rendered":"https:\/\/harma.ee\/koogisegisti-luigekael-harma-armonie-1206c-kroom\/"},"modified":"2023-09-08T14:46:22","modified_gmt":"2023-09-08T12:46:22","slug":"keittiohana-joutsenkaula-harma-armonie-1206c-kromi","status":"publish","type":"product","link":"https:\/\/harma.ee\/fi\/keittiohana-joutsenkaula-harma-armonie-1206c-kromi\/","title":{"rendered":"Keitti\u00f6hana Harma Armonie 1206C, korkea juoksuputki \/ kromi"},"content":{"rendered":"<p>Puhdas ja kest\u00e4v\u00e4 muotoilu, helppok\u00e4ytt\u00f6isyys ja yksinkertaisuus ovat vain muutamia niist\u00e4 monista ominaisuuksista, joilla Armonie-sarja erottuu Harma-tuotteista. Armonie-valikoimaan kuuluvat pesuallas-, kylpyamme- ja suihkuhanat, suihkusetit ja keitti\u00f6hanat. <\/p>\n","protected":false},"excerpt":{"rendered":"<p>Puhdas ja kest\u00e4v\u00e4 muotoilu, helppok\u00e4ytt\u00f6isyys ja yksinkertaisuus ovat vain muutamia niist\u00e4 monista ominaisuuksista, joilla Armonie-sarja erottuu Harma-tuotteista. Armonie-valikoimaan kuuluvat pesuallas-, kylpyamme- ja suihkuhanat, suihkusetit ja keitti\u00f6hanat. <\/p>\n","protected":false},"featured_media":4742,"template":"","meta":[],"product_cat":[382,386],"product_tag":[257],"acf":[],"_links":{"self":[{"href":"https:\/\/harma.ee\/fi\/wp-json\/wp\/v2\/product\/7442"}],"collection":[{"href":"https:\/\/harma.ee\/fi\/wp-json\/wp\/v2\/product"}],"about":[{"href":"https:\/\/harma.ee\/fi\/wp-json\/wp\/v2\/types\/product"}],"wp:featuredmedia":[{"embeddable":true,"href":"https:\/\/harma.ee\/fi\/wp-json\/wp\/v2\/media\/4742"}],"wp:attachment":[{"href":"https:\/\/harma.ee\/fi\/wp-json\/wp\/v2\/media?parent=7442"}],"wp:term":[{"taxonomy":"product_cat","embeddable":true,"href":"https:\/\/harma.ee\/fi\/wp-json\/wp\/v2\/product_cat?post=7442"},{"taxonomy":"product_tag","embeddable":true,"href":"https:\/\/harma.ee\/fi\/wp-json\/wp\/v2\/product_tag?post=7442"}],"curies":[{"name":"wp","href":"https:\/\/api.w.org\/{rel}","templated":true}]}}