{"id":7444,"date":"2021-06-29T12:29:31","date_gmt":"2021-06-29T10:29:31","guid":{"rendered":"https:\/\/harma.ee\/dusisegisti-harma-armonie-1204c-kroom\/"},"modified":"2023-09-08T14:50:41","modified_gmt":"2023-09-08T12:50:41","slug":"suihkuhana-harma-armonie-1204c-kromi","status":"publish","type":"product","link":"https:\/\/harma.ee\/fi\/suihkuhana-harma-armonie-1204c-kromi\/","title":{"rendered":"Suihkuhana Harma Armonie 1204C, kromi"},"content":{"rendered":"<p>Puhdas ja kest\u00e4v\u00e4 muotoilu, helppok\u00e4ytt\u00f6isyys ja yksinkertaisuus ovat vain muutamia niist\u00e4 monista ominaisuuksista, joilla Armonie-sarja erottuu Harma-tuotteista. Armonie-valikoimaan kuuluvat pesuallas-, kylpyamme- ja suihkuhanat, suihkusetit ja keitti\u00f6hanat. <\/p>\n","protected":false},"excerpt":{"rendered":"<p>Puhdas ja kest\u00e4v\u00e4 muotoilu, helppok\u00e4ytt\u00f6isyys ja yksinkertaisuus ovat vain muutamia niist\u00e4 monista ominaisuuksista, joilla Armonie-sarja erottuu Harma-tuotteista. Armonie-valikoimaan kuuluvat pesuallas-, kylpyamme- ja suihkuhanat, suihkusetit ja keitti\u00f6hanat. <\/p>\n","protected":false},"featured_media":4748,"template":"","meta":[],"product_cat":[382,386],"product_tag":[257],"acf":[],"_links":{"self":[{"href":"https:\/\/harma.ee\/fi\/wp-json\/wp\/v2\/product\/7444"}],"collection":[{"href":"https:\/\/harma.ee\/fi\/wp-json\/wp\/v2\/product"}],"about":[{"href":"https:\/\/harma.ee\/fi\/wp-json\/wp\/v2\/types\/product"}],"wp:featuredmedia":[{"embeddable":true,"href":"https:\/\/harma.ee\/fi\/wp-json\/wp\/v2\/media\/4748"}],"wp:attachment":[{"href":"https:\/\/harma.ee\/fi\/wp-json\/wp\/v2\/media?parent=7444"}],"wp:term":[{"taxonomy":"product_cat","embeddable":true,"href":"https:\/\/harma.ee\/fi\/wp-json\/wp\/v2\/product_cat?post=7444"},{"taxonomy":"product_tag","embeddable":true,"href":"https:\/\/harma.ee\/fi\/wp-json\/wp\/v2\/product_tag?post=7444"}],"curies":[{"name":"wp","href":"https:\/\/api.w.org\/{rel}","templated":true}]}}