{"id":7445,"date":"2021-06-29T12:29:29","date_gmt":"2021-06-29T10:29:29","guid":{"rendered":"https:\/\/harma.ee\/dusi-vannisegisti-harma-armonie-1203c-kroom\/"},"modified":"2023-09-04T15:57:09","modified_gmt":"2023-09-04T13:57:09","slug":"suihku-ammehana-harma-armonie-1203c-kromi","status":"publish","type":"product","link":"https:\/\/harma.ee\/fi\/suihku-ammehana-harma-armonie-1203c-kromi\/","title":{"rendered":"Suihku-\/ammehana Harma Armonie 1203C, kromi"},"content":{"rendered":"<p>Puhdas ja kest\u00e4v\u00e4 muotoilu, helppok\u00e4ytt\u00f6isyys ja yksinkertaisuus ovat vain muutamia niist\u00e4 monista ominaisuuksista, joilla Armonie-sarja erottuu Harma-tuotteista. Armonie sarja valikus on valamusegistid, vannisegistid ja du\u0161isegistid, du\u0161ikomplektid ning k\u00f6\u00f6gisegistid.<\/p>\n","protected":false},"excerpt":{"rendered":"<p>Puhdas ja kest\u00e4v\u00e4 muotoilu, helppok\u00e4ytt\u00f6isyys ja yksinkertaisuus ovat vain muutamia niist\u00e4 monista ominaisuuksista, joilla Armonie-sarja erottuu Harma-tuotteista.<\/p>\n","protected":false},"featured_media":4756,"template":"","meta":[],"product_cat":[382,386],"product_tag":[257],"acf":[],"_links":{"self":[{"href":"https:\/\/harma.ee\/fi\/wp-json\/wp\/v2\/product\/7445"}],"collection":[{"href":"https:\/\/harma.ee\/fi\/wp-json\/wp\/v2\/product"}],"about":[{"href":"https:\/\/harma.ee\/fi\/wp-json\/wp\/v2\/types\/product"}],"wp:featuredmedia":[{"embeddable":true,"href":"https:\/\/harma.ee\/fi\/wp-json\/wp\/v2\/media\/4756"}],"wp:attachment":[{"href":"https:\/\/harma.ee\/fi\/wp-json\/wp\/v2\/media?parent=7445"}],"wp:term":[{"taxonomy":"product_cat","embeddable":true,"href":"https:\/\/harma.ee\/fi\/wp-json\/wp\/v2\/product_cat?post=7445"},{"taxonomy":"product_tag","embeddable":true,"href":"https:\/\/harma.ee\/fi\/wp-json\/wp\/v2\/product_tag?post=7445"}],"curies":[{"name":"wp","href":"https:\/\/api.w.org\/{rel}","templated":true}]}}