{"id":7447,"date":"2021-06-29T12:29:28","date_gmt":"2021-06-29T10:29:28","guid":{"rendered":"https:\/\/harma.ee\/valamusegisti-harma-armonie-1201c-kroom\/"},"modified":"2023-09-08T14:47:44","modified_gmt":"2023-09-08T12:47:44","slug":"pesuallashana-harma-armonie-1201c-kromi","status":"publish","type":"product","link":"https:\/\/harma.ee\/fi\/pesuallashana-harma-armonie-1201c-kromi\/","title":{"rendered":"Pesuallashana Harma Armonie 1201C, kromi"},"content":{"rendered":"<p>Puhdas ja kest\u00e4v\u00e4 muotoilu, helppok\u00e4ytt\u00f6isyys ja yksinkertaisuus ovat vain muutamia niist\u00e4 monista ominaisuuksista, joilla Armonie-sarja erottuu Harma-tuotteista. Armonie-valikoimaan kuuluvat pesuallas-, kylpyamme- ja suihkuhanat, suihkusetit ja keitti\u00f6hanat. <\/p>\n","protected":false},"excerpt":{"rendered":"<p>Puhdas ja kest\u00e4v\u00e4 muotoilu, helppok\u00e4ytt\u00f6isyys ja yksinkertaisuus ovat vain muutamia niist\u00e4 monista ominaisuuksista, joilla Armonie-sarja erottuu Harma-tuotteista. Armonie-valikoimaan kuuluvat pesuallas-, kylpyamme- ja suihkuhanat, suihkusetit ja keitti\u00f6hanat. <\/p>\n","protected":false},"featured_media":4762,"template":"","meta":[],"product_cat":[382,386],"product_tag":[257],"acf":[],"_links":{"self":[{"href":"https:\/\/harma.ee\/fi\/wp-json\/wp\/v2\/product\/7447"}],"collection":[{"href":"https:\/\/harma.ee\/fi\/wp-json\/wp\/v2\/product"}],"about":[{"href":"https:\/\/harma.ee\/fi\/wp-json\/wp\/v2\/types\/product"}],"wp:featuredmedia":[{"embeddable":true,"href":"https:\/\/harma.ee\/fi\/wp-json\/wp\/v2\/media\/4762"}],"wp:attachment":[{"href":"https:\/\/harma.ee\/fi\/wp-json\/wp\/v2\/media?parent=7447"}],"wp:term":[{"taxonomy":"product_cat","embeddable":true,"href":"https:\/\/harma.ee\/fi\/wp-json\/wp\/v2\/product_cat?post=7447"},{"taxonomy":"product_tag","embeddable":true,"href":"https:\/\/harma.ee\/fi\/wp-json\/wp\/v2\/product_tag?post=7447"}],"curies":[{"name":"wp","href":"https:\/\/api.w.org\/{rel}","templated":true}]}}