{"id":7479,"date":"2021-06-29T12:30:13","date_gmt":"2021-06-29T10:30:13","guid":{"rendered":"https:\/\/harma.ee\/dusikomplekt-harma-classic-7885n-nikkel\/"},"modified":"2026-01-28T12:27:04","modified_gmt":"2026-01-28T10:27:04","slug":"suihkusetti-harma-classic-7885n-nikkeli","status":"publish","type":"product","link":"https:\/\/harma.ee\/fi\/suihkusetti-harma-classic-7885n-nikkeli\/","title":{"rendered":"Suihkukokonaisuus Harma Classic 7885N, nikkeli"},"content":{"rendered":"<p data-start=\"369\" data-end=\"767\">Perinteinen ja ajaton ulkon\u00e4k\u00f6 tekee Classic-sarjan hanoista erottuvia vintage-muotoilunsa ansiosta, yhdistettyn\u00e4 nykyaikaiseen tekniikkaan. Sarjaan kuuluvat pesuallas-, amme- ja suihkuhanat, suihkukokonaisuudet sek\u00e4 keitti\u00f6hanat retrohenkiseen kylpyhuoneeseen tai keitti\u00f6\u00f6n. Classic-sarja on saatavana pronssi- ja nikkeliviimeistelyll\u00e4.<\/p>\n","protected":false},"excerpt":{"rendered":"<p data-start=\"369\" data-end=\"767\">Perinteinen ja ajaton ulkon\u00e4k\u00f6 tekee Classic-sarjan hanoista erottuvia vintage-muotoilunsa ansiosta, yhdistettyn\u00e4 nykyaikaiseen tekniikkaan. Sarjaan kuuluvat pesuallas-, amme- ja suihkuhanat, suihkukokonaisuudet sek\u00e4 keitti\u00f6hanat retrohenkiseen kylpyhuoneeseen tai keitti\u00f6\u00f6n. Classic-sarja on saatavana pronssi- ja nikkeliviimeistelyll\u00e4.<\/p>\n","protected":false},"featured_media":4634,"template":"","meta":[],"product_cat":[382,387],"product_tag":[274],"acf":[],"_links":{"self":[{"href":"https:\/\/harma.ee\/fi\/wp-json\/wp\/v2\/product\/7479"}],"collection":[{"href":"https:\/\/harma.ee\/fi\/wp-json\/wp\/v2\/product"}],"about":[{"href":"https:\/\/harma.ee\/fi\/wp-json\/wp\/v2\/types\/product"}],"wp:featuredmedia":[{"embeddable":true,"href":"https:\/\/harma.ee\/fi\/wp-json\/wp\/v2\/media\/4634"}],"wp:attachment":[{"href":"https:\/\/harma.ee\/fi\/wp-json\/wp\/v2\/media?parent=7479"}],"wp:term":[{"taxonomy":"product_cat","embeddable":true,"href":"https:\/\/harma.ee\/fi\/wp-json\/wp\/v2\/product_cat?post=7479"},{"taxonomy":"product_tag","embeddable":true,"href":"https:\/\/harma.ee\/fi\/wp-json\/wp\/v2\/product_tag?post=7479"}],"curies":[{"name":"wp","href":"https:\/\/api.w.org\/{rel}","templated":true}]}}