{"id":7482,"date":"2021-06-29T12:30:08","date_gmt":"2021-06-29T10:30:08","guid":{"rendered":"https:\/\/harma.ee\/dusisegisti-harma-classic-7883n-nikkel\/"},"modified":"2026-01-28T12:42:25","modified_gmt":"2026-01-28T10:42:25","slug":"suihkuhana-harma-classic-7883n-nikkeli","status":"publish","type":"product","link":"https:\/\/harma.ee\/fi\/suihkuhana-harma-classic-7883n-nikkeli\/","title":{"rendered":"Suihkuhana Harma Classic 7883N, nikkeli"},"content":{"rendered":"<p data-start=\"310\" data-end=\"637\">Perinteinen ja ajaton ulkon\u00e4k\u00f6 tekee Classic-sarjan hanoista erottuvia vintage-muotoilunsa ansiosta, yhdistettyn\u00e4 nykyaikaiseen tekniikkaan. Sarjaan kuuluu pesuallas-, amme- ja suihkuhanat, suihkukokonaisuudet sek\u00e4 keitti\u00f6hanat. Saatavana pronssi- ja nikkeliviimeistelyll\u00e4.<\/p>\n","protected":false},"excerpt":{"rendered":"<p data-start=\"310\" data-end=\"637\">Perinteinen ja ajaton ulkon\u00e4k\u00f6 tekee Classic-sarjan hanoista erottuvia vintage-muotoilunsa ansiosta, yhdistettyn\u00e4 nykyaikaiseen tekniikkaan. Sarjaan kuuluu pesuallas-, amme- ja suihkuhanat, suihkukokonaisuudet sek\u00e4 keitti\u00f6hanat. Saatavana pronssi- ja nikkeliviimeistelyll\u00e4.<\/p>\n","protected":false},"featured_media":4658,"template":"","meta":[],"product_cat":[382,387],"product_tag":[274],"acf":[],"_links":{"self":[{"href":"https:\/\/harma.ee\/fi\/wp-json\/wp\/v2\/product\/7482"}],"collection":[{"href":"https:\/\/harma.ee\/fi\/wp-json\/wp\/v2\/product"}],"about":[{"href":"https:\/\/harma.ee\/fi\/wp-json\/wp\/v2\/types\/product"}],"wp:featuredmedia":[{"embeddable":true,"href":"https:\/\/harma.ee\/fi\/wp-json\/wp\/v2\/media\/4658"}],"wp:attachment":[{"href":"https:\/\/harma.ee\/fi\/wp-json\/wp\/v2\/media?parent=7482"}],"wp:term":[{"taxonomy":"product_cat","embeddable":true,"href":"https:\/\/harma.ee\/fi\/wp-json\/wp\/v2\/product_cat?post=7482"},{"taxonomy":"product_tag","embeddable":true,"href":"https:\/\/harma.ee\/fi\/wp-json\/wp\/v2\/product_tag?post=7482"}],"curies":[{"name":"wp","href":"https:\/\/api.w.org\/{rel}","templated":true}]}}