{"id":7487,"date":"2021-06-29T12:30:06","date_gmt":"2021-06-29T10:30:06","guid":{"rendered":"https:\/\/harma.ee\/valamusegisti-harma-classic-7882n-nikkel\/"},"modified":"2026-01-28T12:51:19","modified_gmt":"2026-01-28T10:51:19","slug":"allashana-harma-classic-7882n-nikkeli","status":"publish","type":"product","link":"https:\/\/harma.ee\/fi\/allashana-harma-classic-7882n-nikkeli\/","title":{"rendered":"Pesuallashana Harma Classic 7882N, nikkeli"},"content":{"rendered":"<p data-start=\"309\" data-end=\"639\">Perinteinen ja ajaton ulkon\u00e4k\u00f6 tekee Classic-sarjan hanoista erottuvia vintage-muotoilunsa ansiosta, yhdistettyn\u00e4 nykyaikaiseen tekniikkaan. Sarjaan kuuluu pesuallas-, amme- ja suihkuhanat, suihkukokonaisuudet sek\u00e4 keitti\u00f6hanat. Saatavana pronssi- ja nikkeliviimeistelyll\u00e4.<\/p>\n","protected":false},"excerpt":{"rendered":"<p data-start=\"309\" data-end=\"639\">Perinteinen ja ajaton ulkon\u00e4k\u00f6 tekee Classic-sarjan hanoista erottuvia vintage-muotoilunsa ansiosta, yhdistettyn\u00e4 nykyaikaiseen tekniikkaan. Sarjaan kuuluu pesuallas-, amme- ja suihkuhanat, suihkukokonaisuudet sek\u00e4 keitti\u00f6hanat. Saatavana pronssi- ja nikkeliviimeistelyll\u00e4.<\/p>\n","protected":false},"featured_media":4672,"template":"","meta":[],"product_cat":[1091,382,387],"product_tag":[274],"acf":[],"_links":{"self":[{"href":"https:\/\/harma.ee\/fi\/wp-json\/wp\/v2\/product\/7487"}],"collection":[{"href":"https:\/\/harma.ee\/fi\/wp-json\/wp\/v2\/product"}],"about":[{"href":"https:\/\/harma.ee\/fi\/wp-json\/wp\/v2\/types\/product"}],"wp:featuredmedia":[{"embeddable":true,"href":"https:\/\/harma.ee\/fi\/wp-json\/wp\/v2\/media\/4672"}],"wp:attachment":[{"href":"https:\/\/harma.ee\/fi\/wp-json\/wp\/v2\/media?parent=7487"}],"wp:term":[{"taxonomy":"product_cat","embeddable":true,"href":"https:\/\/harma.ee\/fi\/wp-json\/wp\/v2\/product_cat?post=7487"},{"taxonomy":"product_tag","embeddable":true,"href":"https:\/\/harma.ee\/fi\/wp-json\/wp\/v2\/product_tag?post=7487"}],"curies":[{"name":"wp","href":"https:\/\/api.w.org\/{rel}","templated":true}]}}