{"id":7489,"date":"2021-06-29T12:30:05","date_gmt":"2021-06-29T10:30:05","guid":{"rendered":"https:\/\/harma.ee\/valamusegisti-harma-classic-7882b-pronks\/"},"modified":"2026-01-28T12:55:10","modified_gmt":"2026-01-28T10:55:10","slug":"allashana-harma-classic-7882b-pronssi","status":"publish","type":"product","link":"https:\/\/harma.ee\/fi\/allashana-harma-classic-7882b-pronssi\/","title":{"rendered":"Pesuallashana Harma Classic 7882B, pronssi"},"content":{"rendered":"<p data-start=\"309\" data-end=\"639\">Perinteinen ja ajaton ulkon\u00e4k\u00f6 tekee Classic-sarjan hanoista erottuvia vintage-muotoilunsa ansiosta, yhdistettyn\u00e4 nykyaikaiseen tekniikkaan. Sarjaan kuuluu pesuallas-, amme- ja suihkuhanat, suihkukokonaisuudet sek\u00e4 keitti\u00f6hanat. Saatavana pronssi- ja nikkeliviimeistelyll\u00e4.<\/p>\n","protected":false},"excerpt":{"rendered":"<p data-start=\"309\" data-end=\"639\">Perinteinen ja ajaton ulkon\u00e4k\u00f6 tekee Classic-sarjan hanoista erottuvia vintage-muotoilunsa ansiosta, yhdistettyn\u00e4 nykyaikaiseen tekniikkaan. Sarjaan kuuluu pesuallas-, amme- ja suihkuhanat, suihkukokonaisuudet sek\u00e4 keitti\u00f6hanat. Saatavana pronssi- ja nikkeliviimeistelyll\u00e4.<\/p>\n","protected":false},"featured_media":4678,"template":"","meta":[],"product_cat":[1091,382,387],"product_tag":[274],"acf":[],"_links":{"self":[{"href":"https:\/\/harma.ee\/fi\/wp-json\/wp\/v2\/product\/7489"}],"collection":[{"href":"https:\/\/harma.ee\/fi\/wp-json\/wp\/v2\/product"}],"about":[{"href":"https:\/\/harma.ee\/fi\/wp-json\/wp\/v2\/types\/product"}],"wp:featuredmedia":[{"embeddable":true,"href":"https:\/\/harma.ee\/fi\/wp-json\/wp\/v2\/media\/4678"}],"wp:attachment":[{"href":"https:\/\/harma.ee\/fi\/wp-json\/wp\/v2\/media?parent=7489"}],"wp:term":[{"taxonomy":"product_cat","embeddable":true,"href":"https:\/\/harma.ee\/fi\/wp-json\/wp\/v2\/product_cat?post=7489"},{"taxonomy":"product_tag","embeddable":true,"href":"https:\/\/harma.ee\/fi\/wp-json\/wp\/v2\/product_tag?post=7489"}],"curies":[{"name":"wp","href":"https:\/\/api.w.org\/{rel}","templated":true}]}}