{"id":7490,"date":"2021-06-29T12:30:03","date_gmt":"2021-06-29T10:30:03","guid":{"rendered":"https:\/\/harma.ee\/dusi-vannisegisti-harma-classic-7881n-nikkel\/"},"modified":"2026-01-28T12:59:50","modified_gmt":"2026-01-28T10:59:50","slug":"suihkuammehana-harma-classic-7881n-nikkeli","status":"publish","type":"product","link":"https:\/\/harma.ee\/fi\/suihkuammehana-harma-classic-7881n-nikkeli\/","title":{"rendered":"Suihku- ja ammehana Harma Classic 7881N, nikkeli"},"content":{"rendered":"<p data-start=\"319\" data-end=\"655\">Perinteinen ja ajaton ulkon\u00e4k\u00f6 tekee Classic-sarjan hanoista erottuvia vintage-muotoilunsa ansiosta, yhdistettyn\u00e4 nykyaikaiseen tekniikkaan. Sarjaan kuuluu pesuallas-, amme- ja suihkuhanat, suihkukokonaisuudet sek\u00e4 keitti\u00f6hanat. Saatavana pronssi- ja nikkeliviimeistelyll\u00e4.<\/p>\n","protected":false},"excerpt":{"rendered":"<p data-start=\"319\" data-end=\"655\">Perinteinen ja ajaton ulkon\u00e4k\u00f6 tekee Classic-sarjan hanoista erottuvia vintage-muotoilunsa ansiosta, yhdistettyn\u00e4 nykyaikaiseen tekniikkaan. Sarjaan kuuluu pesuallas-, amme- ja suihkuhanat, suihkukokonaisuudet sek\u00e4 keitti\u00f6hanat. Saatavana pronssi- ja nikkeliviimeistelyll\u00e4.<\/p>\n","protected":false},"featured_media":4682,"template":"","meta":[],"product_cat":[382,387],"product_tag":[274],"acf":[],"_links":{"self":[{"href":"https:\/\/harma.ee\/fi\/wp-json\/wp\/v2\/product\/7490"}],"collection":[{"href":"https:\/\/harma.ee\/fi\/wp-json\/wp\/v2\/product"}],"about":[{"href":"https:\/\/harma.ee\/fi\/wp-json\/wp\/v2\/types\/product"}],"wp:featuredmedia":[{"embeddable":true,"href":"https:\/\/harma.ee\/fi\/wp-json\/wp\/v2\/media\/4682"}],"wp:attachment":[{"href":"https:\/\/harma.ee\/fi\/wp-json\/wp\/v2\/media?parent=7490"}],"wp:term":[{"taxonomy":"product_cat","embeddable":true,"href":"https:\/\/harma.ee\/fi\/wp-json\/wp\/v2\/product_cat?post=7490"},{"taxonomy":"product_tag","embeddable":true,"href":"https:\/\/harma.ee\/fi\/wp-json\/wp\/v2\/product_tag?post=7490"}],"curies":[{"name":"wp","href":"https:\/\/api.w.org\/{rel}","templated":true}]}}