{"id":7494,"date":"2021-06-29T14:30:22","date_gmt":"2021-06-29T12:30:22","guid":{"rendered":"https:\/\/harma.ee\/koogisegisti-harma-kaleva-8757-cr\/"},"modified":"2026-01-27T15:48:43","modified_gmt":"2026-01-27T13:48:43","slug":"keittiohana-harma-kaleva-8757-kromi","status":"publish","type":"product","link":"https:\/\/harma.ee\/fi\/keittiohana-harma-kaleva-8757-kromi\/","title":{"rendered":"Keitti\u00f6hana Harma Kaleva 8757, kromi"},"content":{"rendered":"<p>Kaleva-sarjan hanoja luonnehtii kest\u00e4v\u00e4 muotoilu sek\u00e4 laadukkaat ja pitk\u00e4ik\u00e4iset komponentit. Kaikissa hanoissa on vett\u00e4 s\u00e4\u00e4st\u00e4v\u00e4t sis\u00e4osat ja Neoperl-pore\u00adsuihkut. Koko Kaleva-sarja keskittyy kest\u00e4vyyteen ja eleganssiin.<\/p>\n","protected":false},"excerpt":{"rendered":"<p>Kaleva-sarjan hanoja luonnehtii kest\u00e4v\u00e4 muotoilu sek\u00e4 laadukkaat ja pitk\u00e4ik\u00e4iset komponentit. Kaikissa hanoissa on vett\u00e4 s\u00e4\u00e4st\u00e4v\u00e4t sis\u00e4osat ja Neoperl-pore\u00adsuihkut. Koko Kaleva-sarja keskittyy kest\u00e4vyyteen ja eleganssiin.<\/p>\n","protected":false},"featured_media":4118,"template":"","meta":[],"product_cat":[382,394],"product_tag":[306],"acf":[],"_links":{"self":[{"href":"https:\/\/harma.ee\/fi\/wp-json\/wp\/v2\/product\/7494"}],"collection":[{"href":"https:\/\/harma.ee\/fi\/wp-json\/wp\/v2\/product"}],"about":[{"href":"https:\/\/harma.ee\/fi\/wp-json\/wp\/v2\/types\/product"}],"wp:featuredmedia":[{"embeddable":true,"href":"https:\/\/harma.ee\/fi\/wp-json\/wp\/v2\/media\/4118"}],"wp:attachment":[{"href":"https:\/\/harma.ee\/fi\/wp-json\/wp\/v2\/media?parent=7494"}],"wp:term":[{"taxonomy":"product_cat","embeddable":true,"href":"https:\/\/harma.ee\/fi\/wp-json\/wp\/v2\/product_cat?post=7494"},{"taxonomy":"product_tag","embeddable":true,"href":"https:\/\/harma.ee\/fi\/wp-json\/wp\/v2\/product_tag?post=7494"}],"curies":[{"name":"wp","href":"https:\/\/api.w.org\/{rel}","templated":true}]}}