{"id":7503,"date":"2021-06-29T14:30:21","date_gmt":"2021-06-29T12:30:21","guid":{"rendered":"https:\/\/harma.ee\/valamusegisti-harma-kaleva-8752h-cr\/"},"modified":"2026-01-27T16:22:53","modified_gmt":"2026-01-27T14:22:53","slug":"pesuallashana-harmaa-kaleva-8752h-cr","status":"publish","type":"product","link":"https:\/\/harma.ee\/fi\/pesuallashana-harmaa-kaleva-8752h-cr\/","title":{"rendered":"Pesuallashana Harma Kaleva 8752H, kromi"},"content":{"rendered":"<p data-start=\"273\" data-end=\"547\">Kaleva-sarjan hanoja luonnehtii kest\u00e4v\u00e4 muotoilu sek\u00e4 laadukkaat ja pitk\u00e4ik\u00e4iset komponentit. Kaikissa hanoissa on vett\u00e4 s\u00e4\u00e4st\u00e4v\u00e4t sis\u00e4osat ja Neoperl-aeraattorit. Koko Kaleva-sarja keskittyy kest\u00e4vyyteen ja eleganssiin.<\/p>\n","protected":false},"excerpt":{"rendered":"<p data-start=\"273\" data-end=\"547\">Kaleva-sarjan hanoja luonnehtii kest\u00e4v\u00e4 muotoilu sek\u00e4 laadukkaat ja pitk\u00e4ik\u00e4iset komponentit. Kaikissa hanoissa on vett\u00e4 s\u00e4\u00e4st\u00e4v\u00e4t sis\u00e4osat ja Neoperl-aeraattorit. Koko Kaleva-sarja keskittyy kest\u00e4vyyteen ja eleganssiin.<\/p>\n","protected":false},"featured_media":4138,"template":"","meta":[],"product_cat":[1091,382,394],"product_tag":[306],"acf":[],"_links":{"self":[{"href":"https:\/\/harma.ee\/fi\/wp-json\/wp\/v2\/product\/7503"}],"collection":[{"href":"https:\/\/harma.ee\/fi\/wp-json\/wp\/v2\/product"}],"about":[{"href":"https:\/\/harma.ee\/fi\/wp-json\/wp\/v2\/types\/product"}],"wp:featuredmedia":[{"embeddable":true,"href":"https:\/\/harma.ee\/fi\/wp-json\/wp\/v2\/media\/4138"}],"wp:attachment":[{"href":"https:\/\/harma.ee\/fi\/wp-json\/wp\/v2\/media?parent=7503"}],"wp:term":[{"taxonomy":"product_cat","embeddable":true,"href":"https:\/\/harma.ee\/fi\/wp-json\/wp\/v2\/product_cat?post=7503"},{"taxonomy":"product_tag","embeddable":true,"href":"https:\/\/harma.ee\/fi\/wp-json\/wp\/v2\/product_tag?post=7503"}],"curies":[{"name":"wp","href":"https:\/\/api.w.org\/{rel}","templated":true}]}}