{"id":7508,"date":"2021-06-29T14:30:37","date_gmt":"2021-06-29T12:30:37","guid":{"rendered":"https:\/\/harma.ee\/dusikomplekt-harma-st024-w-o-termostaatsegisti-kasiduss-voolik-kasidusi-hoidik-cr\/"},"modified":"2026-01-27T15:06:57","modified_gmt":"2026-01-27T13:06:57","slug":"suihkusetti-harmaa-st024-w-o-termostaatti-sekoitin-letku-letkunpidike-cr","status":"publish","type":"product","link":"https:\/\/harma.ee\/fi\/suihkusetti-harmaa-st024-w-o-termostaatti-sekoitin-letku-letkunpidike-cr\/","title":{"rendered":"Suihkukokonaisuus Harma ST024-W\/O (termostaattihana, k\u00e4sisuihku, letku, k\u00e4sisuihkun pidike), kromi"},"content":{"rendered":"<p>Harma Thermo -sarjaan kuuluvat termostaattiset suihkuhanat ja -kokonaisuudet on suunniteltu tekem\u00e4\u00e4n suihkussa k\u00e4ymisest\u00e4 miellytt\u00e4v\u00e4mp\u00e4\u00e4. Moderni mutta pelkistetty ja kest\u00e4v\u00e4 muotoilu. Sopii jokaiseen kylpyhuoneeseen.<\/p>\n","protected":false},"excerpt":{"rendered":"<p>Harma Thermo -sarjaan kuuluvat termostaattiset suihkuhanat ja -kokonaisuudet on suunniteltu tekem\u00e4\u00e4n suihkussa k\u00e4ymisest\u00e4 miellytt\u00e4v\u00e4mp\u00e4\u00e4. Moderni mutta pelkistetty ja kest\u00e4v\u00e4 muotoilu. Sopii jokaiseen kylpyhuoneeseen.<\/p>\n","protected":false},"featured_media":4045,"template":"","meta":[],"product_cat":[382,410],"product_tag":[325],"acf":[],"_links":{"self":[{"href":"https:\/\/harma.ee\/fi\/wp-json\/wp\/v2\/product\/7508"}],"collection":[{"href":"https:\/\/harma.ee\/fi\/wp-json\/wp\/v2\/product"}],"about":[{"href":"https:\/\/harma.ee\/fi\/wp-json\/wp\/v2\/types\/product"}],"wp:featuredmedia":[{"embeddable":true,"href":"https:\/\/harma.ee\/fi\/wp-json\/wp\/v2\/media\/4045"}],"wp:attachment":[{"href":"https:\/\/harma.ee\/fi\/wp-json\/wp\/v2\/media?parent=7508"}],"wp:term":[{"taxonomy":"product_cat","embeddable":true,"href":"https:\/\/harma.ee\/fi\/wp-json\/wp\/v2\/product_cat?post=7508"},{"taxonomy":"product_tag","embeddable":true,"href":"https:\/\/harma.ee\/fi\/wp-json\/wp\/v2\/product_tag?post=7508"}],"curies":[{"name":"wp","href":"https:\/\/api.w.org\/{rel}","templated":true}]}}