{"id":7510,"date":"2021-06-29T14:30:25","date_gmt":"2021-06-29T12:30:25","guid":{"rendered":"https:\/\/harma.ee\/dusi-vannisegisti-termostaat-harma-8970-cr\/"},"modified":"2026-01-27T15:29:56","modified_gmt":"2026-01-27T13:29:56","slug":"termostaatti-suihku-ammehana-harma-thermo-8970-kromi","status":"publish","type":"product","link":"https:\/\/harma.ee\/fi\/termostaatti-suihku-ammehana-harma-thermo-8970-kromi\/","title":{"rendered":"Termostaattinen suihku- ja ammehana Harma 8970, kromi"},"content":{"rendered":"<p data-start=\"251\" data-end=\"530\">Harma Thermo -sarjaan kuuluvat termostaattiset suihkuhanat ja -kokonaisuudet on suunniteltu tekem\u00e4\u00e4n suihkussa k\u00e4ymisest\u00e4 miellytt\u00e4v\u00e4mp\u00e4\u00e4. Moderni, pelkistetty ja kest\u00e4v\u00e4 muotoilu sopii kaikkiin kylpyhuoneisiin.<\/p>\n","protected":false},"excerpt":{"rendered":"<p data-start=\"251\" data-end=\"530\">Harma Thermo -sarjaan kuuluvat termostaattiset suihkuhanat ja -kokonaisuudet on suunniteltu tekem\u00e4\u00e4n suihkussa k\u00e4ymisest\u00e4 miellytt\u00e4v\u00e4mp\u00e4\u00e4. Moderni, pelkistetty ja kest\u00e4v\u00e4 muotoilu sopii kaikkiin kylpyhuoneisiin.<\/p>\n","protected":false},"featured_media":4108,"template":"","meta":[],"product_cat":[382,410],"product_tag":[325],"acf":[],"_links":{"self":[{"href":"https:\/\/harma.ee\/fi\/wp-json\/wp\/v2\/product\/7510"}],"collection":[{"href":"https:\/\/harma.ee\/fi\/wp-json\/wp\/v2\/product"}],"about":[{"href":"https:\/\/harma.ee\/fi\/wp-json\/wp\/v2\/types\/product"}],"wp:featuredmedia":[{"embeddable":true,"href":"https:\/\/harma.ee\/fi\/wp-json\/wp\/v2\/media\/4108"}],"wp:attachment":[{"href":"https:\/\/harma.ee\/fi\/wp-json\/wp\/v2\/media?parent=7510"}],"wp:term":[{"taxonomy":"product_cat","embeddable":true,"href":"https:\/\/harma.ee\/fi\/wp-json\/wp\/v2\/product_cat?post=7510"},{"taxonomy":"product_tag","embeddable":true,"href":"https:\/\/harma.ee\/fi\/wp-json\/wp\/v2\/product_tag?post=7510"}],"curies":[{"name":"wp","href":"https:\/\/api.w.org\/{rel}","templated":true}]}}