{"id":7512,"date":"2021-06-29T14:30:24","date_gmt":"2021-06-29T12:30:24","guid":{"rendered":"https:\/\/harma.ee\/dusi-termostaatiline-segisti-harma-b8960-cr\/"},"modified":"2026-01-27T15:38:25","modified_gmt":"2026-01-27T13:38:25","slug":"termostaatti-suihkuhana-harma-thermo-b8960-kromi","status":"publish","type":"product","link":"https:\/\/harma.ee\/fi\/termostaatti-suihkuhana-harma-thermo-b8960-kromi\/","title":{"rendered":"Termostaattinen suihkuhana Harma B8960, kromi"},"content":{"rendered":"<p>Harma Thermo -sarjaan kuuluvat termostaattiset suihkuhanat ja -kokonaisuudet on suunniteltu tekem\u00e4\u00e4n suihkussa k\u00e4ymisest\u00e4 miellytt\u00e4v\u00e4mp\u00e4\u00e4. Moderni, pelkistetty ja kest\u00e4v\u00e4 muotoilu sopii kaikkiin kylpyhuoneisiin.<\/p>\n","protected":false},"excerpt":{"rendered":"<p>Harma Thermo -sarjaan kuuluvat termostaattiset suihkuhanat ja -kokonaisuudet on suunniteltu tekem\u00e4\u00e4n suihkussa k\u00e4ymisest\u00e4 miellytt\u00e4v\u00e4mp\u00e4\u00e4. Moderni, pelkistetty ja kest\u00e4v\u00e4 muotoilu sopii kaikkiin kylpyhuoneisiin.<\/p>\n","protected":false},"featured_media":4110,"template":"","meta":[],"product_cat":[382,410],"product_tag":[325],"acf":[],"_links":{"self":[{"href":"https:\/\/harma.ee\/fi\/wp-json\/wp\/v2\/product\/7512"}],"collection":[{"href":"https:\/\/harma.ee\/fi\/wp-json\/wp\/v2\/product"}],"about":[{"href":"https:\/\/harma.ee\/fi\/wp-json\/wp\/v2\/types\/product"}],"wp:featuredmedia":[{"embeddable":true,"href":"https:\/\/harma.ee\/fi\/wp-json\/wp\/v2\/media\/4110"}],"wp:attachment":[{"href":"https:\/\/harma.ee\/fi\/wp-json\/wp\/v2\/media?parent=7512"}],"wp:term":[{"taxonomy":"product_cat","embeddable":true,"href":"https:\/\/harma.ee\/fi\/wp-json\/wp\/v2\/product_cat?post=7512"},{"taxonomy":"product_tag","embeddable":true,"href":"https:\/\/harma.ee\/fi\/wp-json\/wp\/v2\/product_tag?post=7512"}],"curies":[{"name":"wp","href":"https:\/\/api.w.org\/{rel}","templated":true}]}}