{"id":7514,"date":"2021-06-29T12:30:51","date_gmt":"2021-06-29T10:30:51","guid":{"rendered":"https:\/\/harma.ee\/dusisegisti-harma-urban-6027b\/"},"modified":"2026-01-28T11:46:27","modified_gmt":"2026-01-28T09:46:27","slug":"suihkuhana-harma-urban-6027b","status":"publish","type":"product","link":"https:\/\/harma.ee\/fi\/suihkuhana-harma-urban-6027b\/","title":{"rendered":"Suihkuhana Harma Urban 6027B"},"content":{"rendered":"<p data-start=\"197\" data-end=\"389\">Urban-sarja on yhten\u00e4inen yhdistelm\u00e4 modernia kaarevaa muotoilua ja kest\u00e4v\u00e4\u00e4 rakennetta. Mattamusta viimeistely korostaa skandinaavista ajattomuutta.<\/p>\n","protected":false},"excerpt":{"rendered":"<p data-start=\"197\" data-end=\"389\">Urban-sarja on yhten\u00e4inen yhdistelm\u00e4 modernia kaarevaa muotoilua ja kest\u00e4v\u00e4\u00e4 rakennetta. Mattamusta viimeistely korostaa skandinaavista ajattomuutta.<\/p>\n","protected":false},"featured_media":4512,"template":"","meta":[],"product_cat":[382,413],"product_tag":[328],"acf":[],"_links":{"self":[{"href":"https:\/\/harma.ee\/fi\/wp-json\/wp\/v2\/product\/7514"}],"collection":[{"href":"https:\/\/harma.ee\/fi\/wp-json\/wp\/v2\/product"}],"about":[{"href":"https:\/\/harma.ee\/fi\/wp-json\/wp\/v2\/types\/product"}],"wp:featuredmedia":[{"embeddable":true,"href":"https:\/\/harma.ee\/fi\/wp-json\/wp\/v2\/media\/4512"}],"wp:attachment":[{"href":"https:\/\/harma.ee\/fi\/wp-json\/wp\/v2\/media?parent=7514"}],"wp:term":[{"taxonomy":"product_cat","embeddable":true,"href":"https:\/\/harma.ee\/fi\/wp-json\/wp\/v2\/product_cat?post=7514"},{"taxonomy":"product_tag","embeddable":true,"href":"https:\/\/harma.ee\/fi\/wp-json\/wp\/v2\/product_tag?post=7514"}],"curies":[{"name":"wp","href":"https:\/\/api.w.org\/{rel}","templated":true}]}}