{"id":7516,"date":"2021-06-29T12:30:50","date_gmt":"2021-06-29T10:30:50","guid":{"rendered":"https:\/\/harma.ee\/koogisegisti-harma-urban-2127b\/"},"modified":"2026-01-28T11:49:09","modified_gmt":"2026-01-28T09:49:09","slug":"keittiohana-harma-urban-2127b","status":"publish","type":"product","link":"https:\/\/harma.ee\/fi\/keittiohana-harma-urban-2127b\/","title":{"rendered":"Keitti\u00f6hana Harma Urban 2127B"},"content":{"rendered":"<p data-start=\"198\" data-end=\"391\">Urban-sarja on yhten\u00e4inen yhdistelm\u00e4 modernia kaarevaa muotoilua ja kest\u00e4v\u00e4\u00e4 rakennetta. Mattamusta viimeistely korostaa skandinaavista ajattomuutta.<\/p>\n","protected":false},"excerpt":{"rendered":"<p data-start=\"198\" data-end=\"391\">Urban-sarja on yhten\u00e4inen yhdistelm\u00e4 modernia kaarevaa muotoilua ja kest\u00e4v\u00e4\u00e4 rakennetta. Mattamusta viimeistely korostaa skandinaavista ajattomuutta.<\/p>\n","protected":false},"featured_media":4518,"template":"","meta":[],"product_cat":[382,413],"product_tag":[328],"acf":[],"_links":{"self":[{"href":"https:\/\/harma.ee\/fi\/wp-json\/wp\/v2\/product\/7516"}],"collection":[{"href":"https:\/\/harma.ee\/fi\/wp-json\/wp\/v2\/product"}],"about":[{"href":"https:\/\/harma.ee\/fi\/wp-json\/wp\/v2\/types\/product"}],"wp:featuredmedia":[{"embeddable":true,"href":"https:\/\/harma.ee\/fi\/wp-json\/wp\/v2\/media\/4518"}],"wp:attachment":[{"href":"https:\/\/harma.ee\/fi\/wp-json\/wp\/v2\/media?parent=7516"}],"wp:term":[{"taxonomy":"product_cat","embeddable":true,"href":"https:\/\/harma.ee\/fi\/wp-json\/wp\/v2\/product_cat?post=7516"},{"taxonomy":"product_tag","embeddable":true,"href":"https:\/\/harma.ee\/fi\/wp-json\/wp\/v2\/product_tag?post=7516"}],"curies":[{"name":"wp","href":"https:\/\/api.w.org\/{rel}","templated":true}]}}