{"id":7518,"date":"2021-06-29T12:30:49","date_gmt":"2021-06-29T10:30:49","guid":{"rendered":"https:\/\/harma.ee\/valamusegisti-harma-urban-1127b\/"},"modified":"2026-01-28T11:51:34","modified_gmt":"2026-01-28T09:51:34","slug":"pesuallashana-harma-urban-1127b","status":"publish","type":"product","link":"https:\/\/harma.ee\/fi\/pesuallashana-harma-urban-1127b\/","title":{"rendered":"Pesuallashana Harma Urban 1127B"},"content":{"rendered":"<p data-start=\"196\" data-end=\"391\">Urban-sarja on yhten\u00e4inen yhdistelm\u00e4 modernia kaarevaa muotoilua ja kest\u00e4v\u00e4\u00e4 rakennetta. Mattamusta viimeistely korostaa skandinaavista ajattomuutta.<\/p>\n","protected":false},"excerpt":{"rendered":"<p data-start=\"196\" data-end=\"391\">Urban-sarja on yhten\u00e4inen yhdistelm\u00e4 modernia kaarevaa muotoilua ja kest\u00e4v\u00e4\u00e4 rakennetta. Mattamusta viimeistely korostaa skandinaavista ajattomuutta.<\/p>\n","protected":false},"featured_media":4526,"template":"","meta":[],"product_cat":[1091,382,413],"product_tag":[328],"acf":[],"_links":{"self":[{"href":"https:\/\/harma.ee\/fi\/wp-json\/wp\/v2\/product\/7518"}],"collection":[{"href":"https:\/\/harma.ee\/fi\/wp-json\/wp\/v2\/product"}],"about":[{"href":"https:\/\/harma.ee\/fi\/wp-json\/wp\/v2\/types\/product"}],"wp:featuredmedia":[{"embeddable":true,"href":"https:\/\/harma.ee\/fi\/wp-json\/wp\/v2\/media\/4526"}],"wp:attachment":[{"href":"https:\/\/harma.ee\/fi\/wp-json\/wp\/v2\/media?parent=7518"}],"wp:term":[{"taxonomy":"product_cat","embeddable":true,"href":"https:\/\/harma.ee\/fi\/wp-json\/wp\/v2\/product_cat?post=7518"},{"taxonomy":"product_tag","embeddable":true,"href":"https:\/\/harma.ee\/fi\/wp-json\/wp\/v2\/product_tag?post=7518"}],"curies":[{"name":"wp","href":"https:\/\/api.w.org\/{rel}","templated":true}]}}