{"id":7521,"date":"2021-06-29T12:30:26","date_gmt":"2021-06-29T10:30:26","guid":{"rendered":"https:\/\/harma.ee\/dusi-vannisegisti-harma-urban-9027b\/"},"modified":"2026-01-28T12:07:41","modified_gmt":"2026-01-28T10:07:41","slug":"suihku-ammehana-harma-urban-9027b","status":"publish","type":"product","link":"https:\/\/harma.ee\/fi\/suihku-ammehana-harma-urban-9027b\/","title":{"rendered":"Suihku- ja ammehana Harma Urban 9027B"},"content":{"rendered":"<p data-start=\"206\" data-end=\"407\">Urban-sarja on yhten\u00e4inen yhdistelm\u00e4 modernia kaarevaa muotoilua ja kest\u00e4v\u00e4\u00e4 rakennetta. Mattamusta viimeistely korostaa skandinaavista ajattomuutta.<\/p>\n","protected":false},"excerpt":{"rendered":"<p data-start=\"206\" data-end=\"407\">Urban-sarja on yhten\u00e4inen yhdistelm\u00e4 modernia kaarevaa muotoilua ja kest\u00e4v\u00e4\u00e4 rakennetta. Mattamusta viimeistely korostaa skandinaavista ajattomuutta.<\/p>\n","protected":false},"featured_media":4588,"template":"","meta":[],"product_cat":[382,413],"product_tag":[328],"acf":[],"_links":{"self":[{"href":"https:\/\/harma.ee\/fi\/wp-json\/wp\/v2\/product\/7521"}],"collection":[{"href":"https:\/\/harma.ee\/fi\/wp-json\/wp\/v2\/product"}],"about":[{"href":"https:\/\/harma.ee\/fi\/wp-json\/wp\/v2\/types\/product"}],"wp:featuredmedia":[{"embeddable":true,"href":"https:\/\/harma.ee\/fi\/wp-json\/wp\/v2\/media\/4588"}],"wp:attachment":[{"href":"https:\/\/harma.ee\/fi\/wp-json\/wp\/v2\/media?parent=7521"}],"wp:term":[{"taxonomy":"product_cat","embeddable":true,"href":"https:\/\/harma.ee\/fi\/wp-json\/wp\/v2\/product_cat?post=7521"},{"taxonomy":"product_tag","embeddable":true,"href":"https:\/\/harma.ee\/fi\/wp-json\/wp\/v2\/product_tag?post=7521"}],"curies":[{"name":"wp","href":"https:\/\/api.w.org\/{rel}","templated":true}]}}