{"id":7522,"date":"2022-05-04T08:12:07","date_gmt":"2022-05-04T06:12:07","guid":{"rendered":"https:\/\/harma.ee\/koogisegisti-harma-gold-collection-mn04bg\/"},"modified":"2022-10-17T12:37:06","modified_gmt":"2022-10-17T10:37:06","slug":"keittion-hana-harma-gold-collection-mn04bg","status":"publish","type":"product","link":"https:\/\/harma.ee\/fi\/keittion-hana-harma-gold-collection-mn04bg\/","title":{"rendered":"Keitti\u00f6n hana Harma Gold collection MN04BG"},"content":{"rendered":"<p>Harma Gold -malliston hanat ovat minimalistisia, ylellisi\u00e4 ja kest\u00e4vi\u00e4. Sarja tarjoaa kaikentyyppisi\u00e4 hanoja: keitti\u00f6hana, pesuallashana, kylpyhana ja suihkuhana. <\/p>\n","protected":false},"excerpt":{"rendered":"<p>Harma Gold -malliston hanat ovat minimalistisia, ylellisi\u00e4 ja kest\u00e4vi\u00e4. Sarja tarjoaa kaikentyyppisi\u00e4 hanoja: keitti\u00f6hana, pesuallashana, kylpyhana ja suihkuhana. <\/p>\n","protected":false},"featured_media":7010,"template":"","meta":[],"product_cat":[382,392],"product_tag":[289],"acf":[],"_links":{"self":[{"href":"https:\/\/harma.ee\/fi\/wp-json\/wp\/v2\/product\/7522"}],"collection":[{"href":"https:\/\/harma.ee\/fi\/wp-json\/wp\/v2\/product"}],"about":[{"href":"https:\/\/harma.ee\/fi\/wp-json\/wp\/v2\/types\/product"}],"wp:featuredmedia":[{"embeddable":true,"href":"https:\/\/harma.ee\/fi\/wp-json\/wp\/v2\/media\/7010"}],"wp:attachment":[{"href":"https:\/\/harma.ee\/fi\/wp-json\/wp\/v2\/media?parent=7522"}],"wp:term":[{"taxonomy":"product_cat","embeddable":true,"href":"https:\/\/harma.ee\/fi\/wp-json\/wp\/v2\/product_cat?post=7522"},{"taxonomy":"product_tag","embeddable":true,"href":"https:\/\/harma.ee\/fi\/wp-json\/wp\/v2\/product_tag?post=7522"}],"curies":[{"name":"wp","href":"https:\/\/api.w.org\/{rel}","templated":true}]}}