{"id":7524,"date":"2021-06-29T12:31:16","date_gmt":"2021-06-29T10:31:16","guid":{"rendered":"https:\/\/harma.ee\/dusikomplekt-harma-gold-collection-mn09bg-segisti-kasiduss-voolik-kasidusi-hoidik\/"},"modified":"2026-01-28T11:25:57","modified_gmt":"2026-01-28T09:25:57","slug":"suihkusetti-harmaa-kulta-kokoelma-mn09bg-hana-kotelo-letku-kotelo-pidike","status":"publish","type":"product","link":"https:\/\/harma.ee\/fi\/suihkusetti-harmaa-kulta-kokoelma-mn09bg-hana-kotelo-letku-kotelo-pidike\/","title":{"rendered":"Suihkukokonaisuus Harma Gold collection MN09BG (hana, k\u00e4sisuihku, letku, k\u00e4sisuihkun pidike)"},"content":{"rendered":"<p data-start=\"231\" data-end=\"469\">Harma Gold collection -hanat ovat minimalistisia, ylellisi\u00e4 ja kest\u00e4vi\u00e4. Sarja sis\u00e4lt\u00e4\u00e4 keitti\u00f6-, pesuallas-, amme- ja suihkuhanat.<\/p>\n","protected":false},"excerpt":{"rendered":"<p data-start=\"231\" data-end=\"469\">Harma Gold collection -hanat ovat minimalistisia, ylellisi\u00e4 ja kest\u00e4vi\u00e4. Sarja sis\u00e4lt\u00e4\u00e4 keitti\u00f6-, pesuallas-, amme- ja suihkuhanat.<\/p>\n","protected":false},"featured_media":4417,"template":"","meta":[],"product_cat":[382,392],"product_tag":[289],"acf":[],"_links":{"self":[{"href":"https:\/\/harma.ee\/fi\/wp-json\/wp\/v2\/product\/7524"}],"collection":[{"href":"https:\/\/harma.ee\/fi\/wp-json\/wp\/v2\/product"}],"about":[{"href":"https:\/\/harma.ee\/fi\/wp-json\/wp\/v2\/types\/product"}],"wp:featuredmedia":[{"embeddable":true,"href":"https:\/\/harma.ee\/fi\/wp-json\/wp\/v2\/media\/4417"}],"wp:attachment":[{"href":"https:\/\/harma.ee\/fi\/wp-json\/wp\/v2\/media?parent=7524"}],"wp:term":[{"taxonomy":"product_cat","embeddable":true,"href":"https:\/\/harma.ee\/fi\/wp-json\/wp\/v2\/product_cat?post=7524"},{"taxonomy":"product_tag","embeddable":true,"href":"https:\/\/harma.ee\/fi\/wp-json\/wp\/v2\/product_tag?post=7524"}],"curies":[{"name":"wp","href":"https:\/\/api.w.org\/{rel}","templated":true}]}}