{"id":7526,"date":"2021-06-29T12:31:15","date_gmt":"2021-06-29T10:31:15","guid":{"rendered":"https:\/\/harma.ee\/valamusegisti-harma-gold-collection-mn02hbg\/"},"modified":"2026-01-28T11:29:21","modified_gmt":"2026-01-28T09:29:21","slug":"pesuallashana-harmaa-kulta-kokoelma-mn02hbg","status":"publish","type":"product","link":"https:\/\/harma.ee\/fi\/pesuallashana-harmaa-kulta-kokoelma-mn02hbg\/","title":{"rendered":"Pesuallashana Harma Gold collection MN02HBG"},"content":{"rendered":"<p data-start=\"186\" data-end=\"375\">Harma Gold collection -hanat ovat minimalistisia, ylellisi\u00e4 ja kest\u00e4vi\u00e4. Sarja sis\u00e4lt\u00e4\u00e4 keitti\u00f6-, pesuallas-, amme- ja suihkuhanat.<\/p>\n","protected":false},"excerpt":{"rendered":"<p data-start=\"186\" data-end=\"375\">Harma Gold collection -hanat ovat minimalistisia, ylellisi\u00e4 ja kest\u00e4vi\u00e4. Sarja sis\u00e4lt\u00e4\u00e4 keitti\u00f6-, pesuallas-, amme- ja suihkuhanat.<\/p>\n","protected":false},"featured_media":4425,"template":"","meta":[],"product_cat":[1091,382,392],"product_tag":[289],"acf":[],"_links":{"self":[{"href":"https:\/\/harma.ee\/fi\/wp-json\/wp\/v2\/product\/7526"}],"collection":[{"href":"https:\/\/harma.ee\/fi\/wp-json\/wp\/v2\/product"}],"about":[{"href":"https:\/\/harma.ee\/fi\/wp-json\/wp\/v2\/types\/product"}],"wp:featuredmedia":[{"embeddable":true,"href":"https:\/\/harma.ee\/fi\/wp-json\/wp\/v2\/media\/4425"}],"wp:attachment":[{"href":"https:\/\/harma.ee\/fi\/wp-json\/wp\/v2\/media?parent=7526"}],"wp:term":[{"taxonomy":"product_cat","embeddable":true,"href":"https:\/\/harma.ee\/fi\/wp-json\/wp\/v2\/product_cat?post=7526"},{"taxonomy":"product_tag","embeddable":true,"href":"https:\/\/harma.ee\/fi\/wp-json\/wp\/v2\/product_tag?post=7526"}],"curies":[{"name":"wp","href":"https:\/\/api.w.org\/{rel}","templated":true}]}}