{"id":7529,"date":"2021-06-29T12:31:14","date_gmt":"2021-06-29T10:31:14","guid":{"rendered":"https:\/\/harma.ee\/valamusegisti-harma-gold-collection-mn02bg\/"},"modified":"2026-01-28T11:31:37","modified_gmt":"2026-01-28T09:31:37","slug":"pesuallashana-harma-kulta-kokoelma-mn02bg","status":"publish","type":"product","link":"https:\/\/harma.ee\/fi\/pesuallashana-harma-kulta-kokoelma-mn02bg\/","title":{"rendered":"Pesuallashana Harma Gold collection MN02BG"},"content":{"rendered":"<p data-start=\"185\" data-end=\"373\">Harma Gold collection -hanat ovat minimalistisia, ylellisi\u00e4 ja kest\u00e4vi\u00e4. Sarja sis\u00e4lt\u00e4\u00e4 keitti\u00f6-, pesuallas-, amme- ja suihkuhanat.<\/p>\n","protected":false},"excerpt":{"rendered":"<p data-start=\"185\" data-end=\"373\">Harma Gold collection -hanat ovat minimalistisia, ylellisi\u00e4 ja kest\u00e4vi\u00e4. Sarja sis\u00e4lt\u00e4\u00e4 keitti\u00f6-, pesuallas-, amme- ja suihkuhanat.<\/p>\n","protected":false},"featured_media":4430,"template":"","meta":[],"product_cat":[1091,382,392],"product_tag":[289],"acf":[],"_links":{"self":[{"href":"https:\/\/harma.ee\/fi\/wp-json\/wp\/v2\/product\/7529"}],"collection":[{"href":"https:\/\/harma.ee\/fi\/wp-json\/wp\/v2\/product"}],"about":[{"href":"https:\/\/harma.ee\/fi\/wp-json\/wp\/v2\/types\/product"}],"wp:featuredmedia":[{"embeddable":true,"href":"https:\/\/harma.ee\/fi\/wp-json\/wp\/v2\/media\/4430"}],"wp:attachment":[{"href":"https:\/\/harma.ee\/fi\/wp-json\/wp\/v2\/media?parent=7529"}],"wp:term":[{"taxonomy":"product_cat","embeddable":true,"href":"https:\/\/harma.ee\/fi\/wp-json\/wp\/v2\/product_cat?post=7529"},{"taxonomy":"product_tag","embeddable":true,"href":"https:\/\/harma.ee\/fi\/wp-json\/wp\/v2\/product_tag?post=7529"}],"curies":[{"name":"wp","href":"https:\/\/api.w.org\/{rel}","templated":true}]}}