{"id":7531,"date":"2021-06-29T12:31:13","date_gmt":"2021-06-29T10:31:13","guid":{"rendered":"https:\/\/harma.ee\/dusi-vannisegisti-harma-gold-collection-mn01bg\/"},"modified":"2026-01-28T11:35:30","modified_gmt":"2026-01-28T09:35:30","slug":"suihku-hana-harma-gold-collection-mn01bg","status":"publish","type":"product","link":"https:\/\/harma.ee\/fi\/suihku-hana-harma-gold-collection-mn01bg\/","title":{"rendered":"Suihku- ja ammehana Harma Gold collection MN01BG"},"content":{"rendered":"<p data-start=\"195\" data-end=\"389\">Harma Gold collection -hanat ovat minimalistisia, ylellisi\u00e4 ja kest\u00e4vi\u00e4. Sarja sis\u00e4lt\u00e4\u00e4 keitti\u00f6-, pesuallas-, amme- ja suihkuhanat.<\/p>\n","protected":false},"excerpt":{"rendered":"<p data-start=\"195\" data-end=\"389\">Harma Gold collection -hanat ovat minimalistisia, ylellisi\u00e4 ja kest\u00e4vi\u00e4. Sarja sis\u00e4lt\u00e4\u00e4 keitti\u00f6-, pesuallas-, amme- ja suihkuhanat.<\/p>\n","protected":false},"featured_media":4432,"template":"","meta":[],"product_cat":[382,392],"product_tag":[289],"acf":[],"_links":{"self":[{"href":"https:\/\/harma.ee\/fi\/wp-json\/wp\/v2\/product\/7531"}],"collection":[{"href":"https:\/\/harma.ee\/fi\/wp-json\/wp\/v2\/product"}],"about":[{"href":"https:\/\/harma.ee\/fi\/wp-json\/wp\/v2\/types\/product"}],"wp:featuredmedia":[{"embeddable":true,"href":"https:\/\/harma.ee\/fi\/wp-json\/wp\/v2\/media\/4432"}],"wp:attachment":[{"href":"https:\/\/harma.ee\/fi\/wp-json\/wp\/v2\/media?parent=7531"}],"wp:term":[{"taxonomy":"product_cat","embeddable":true,"href":"https:\/\/harma.ee\/fi\/wp-json\/wp\/v2\/product_cat?post=7531"},{"taxonomy":"product_tag","embeddable":true,"href":"https:\/\/harma.ee\/fi\/wp-json\/wp\/v2\/product_tag?post=7531"}],"curies":[{"name":"wp","href":"https:\/\/api.w.org\/{rel}","templated":true}]}}