{"id":7547,"date":"2021-06-29T14:30:47","date_gmt":"2021-06-29T12:30:47","guid":{"rendered":"https:\/\/harma.ee\/dusivoolik-harma-stf-0089-pvc-1-7-m-kilepakendis\/"},"modified":"2023-07-15T18:16:19","modified_gmt":"2023-07-15T16:16:19","slug":"suihkuletku-harmaa-stf-0089-pvc-1-7-m-muovipakkauksessa","status":"publish","type":"product","link":"https:\/\/harma.ee\/fi\/suihkuletku-harmaa-stf-0089-pvc-1-7-m-muovipakkauksessa\/","title":{"rendered":"Du\u0161ivoolik Harma STF (0089 PVC, 1.7 m) kilepakendis"},"content":{"rendered":"<p>Harma -k\u00e4sisuihkujen, suihkuletkujen ja suihkunostimien valikoima tarjoaa monipuolisen ja modernin valikoiman, jolle on ominaista siisteys ja kest\u00e4vyys.<\/p>\n","protected":false},"excerpt":{"rendered":"<p>Harma k\u00e4sidu\u0161\u0161ide, du\u0161ivoolikute ja du\u0161it\u00f5stukite valik pakub mitmek\u00fclgset ja kaasaegset sortimenti, mille m\u00e4\u00e4ravaks jooneks on puhtus ja vastupidavus.<\/p>\n","protected":false},"featured_media":7104,"template":"","meta":[],"product_cat":[424],"product_tag":[343],"acf":[],"_links":{"self":[{"href":"https:\/\/harma.ee\/fi\/wp-json\/wp\/v2\/product\/7547"}],"collection":[{"href":"https:\/\/harma.ee\/fi\/wp-json\/wp\/v2\/product"}],"about":[{"href":"https:\/\/harma.ee\/fi\/wp-json\/wp\/v2\/types\/product"}],"wp:featuredmedia":[{"embeddable":true,"href":"https:\/\/harma.ee\/fi\/wp-json\/wp\/v2\/media\/7104"}],"wp:attachment":[{"href":"https:\/\/harma.ee\/fi\/wp-json\/wp\/v2\/media?parent=7547"}],"wp:term":[{"taxonomy":"product_cat","embeddable":true,"href":"https:\/\/harma.ee\/fi\/wp-json\/wp\/v2\/product_cat?post=7547"},{"taxonomy":"product_tag","embeddable":true,"href":"https:\/\/harma.ee\/fi\/wp-json\/wp\/v2\/product_tag?post=7547"}],"curies":[{"name":"wp","href":"https:\/\/api.w.org\/{rel}","templated":true}]}}