{"id":7549,"date":"2021-06-29T14:30:37","date_gmt":"2021-06-29T12:30:37","guid":{"rendered":"https:\/\/harma.ee\/kasiduss-harma-f132c-cr\/"},"modified":"2026-01-27T15:05:31","modified_gmt":"2026-01-27T13:05:31","slug":"kasisuihku-harma-f132c-cr","status":"publish","type":"product","link":"https:\/\/harma.ee\/fi\/kasisuihku-harma-f132c-cr\/","title":{"rendered":"K\u00e4sisuihku Harma F132C, kromi"},"content":{"rendered":"<p>Harma-k\u00e4sisuihkujen, suihkuletkujen ja suihkutankojen valikoima on monipuolinen ja moderni, painottaen selkeytt\u00e4 ja kest\u00e4vyytt\u00e4.<\/p>\n","protected":false},"excerpt":{"rendered":"<p>Harma-k\u00e4sisuihkujen, suihkuletkujen ja suihkutankojen valikoima on monipuolinen ja moderni, painottaen selkeytt\u00e4 ja kest\u00e4vyytt\u00e4.<\/p>\n","protected":false},"featured_media":4037,"template":"","meta":[],"product_cat":[424],"product_tag":[],"acf":[],"_links":{"self":[{"href":"https:\/\/harma.ee\/fi\/wp-json\/wp\/v2\/product\/7549"}],"collection":[{"href":"https:\/\/harma.ee\/fi\/wp-json\/wp\/v2\/product"}],"about":[{"href":"https:\/\/harma.ee\/fi\/wp-json\/wp\/v2\/types\/product"}],"wp:featuredmedia":[{"embeddable":true,"href":"https:\/\/harma.ee\/fi\/wp-json\/wp\/v2\/media\/4037"}],"wp:attachment":[{"href":"https:\/\/harma.ee\/fi\/wp-json\/wp\/v2\/media?parent=7549"}],"wp:term":[{"taxonomy":"product_cat","embeddable":true,"href":"https:\/\/harma.ee\/fi\/wp-json\/wp\/v2\/product_cat?post=7549"},{"taxonomy":"product_tag","embeddable":true,"href":"https:\/\/harma.ee\/fi\/wp-json\/wp\/v2\/product_tag?post=7549"}],"curies":[{"name":"wp","href":"https:\/\/api.w.org\/{rel}","templated":true}]}}