{"id":7566,"date":"2021-06-29T14:30:30","date_gmt":"2021-06-29T12:30:30","guid":{"rendered":"https:\/\/harma.ee\/laedusi-otsik-harma-bl-6667-20cm-kandiline-cr\/"},"modified":"2026-01-27T14:53:37","modified_gmt":"2026-01-27T12:53:37","slug":"katto-suutin-harmaa-bl-6667-20cm-nelio-kr","status":"publish","type":"product","link":"https:\/\/harma.ee\/fi\/katto-suutin-harmaa-bl-6667-20cm-nelio-kr\/","title":{"rendered":"Kattosuihkup\u00e4\u00e4 Harma BL-6667, 20 cm, neli\u00f6, kromi"},"content":{"rendered":"<p>Harma kattosuihku (20 cm) BL-6667, kromi (neli\u00f6m\u00e4inen)<\/p>\n","protected":false},"excerpt":{"rendered":"<p>Harma kattosuihku (20 cm) BL-6667, kromi (neli\u00f6m\u00e4inen)<\/p>\n","protected":false},"featured_media":4088,"template":"","meta":[],"product_cat":[424],"product_tag":[],"acf":[],"_links":{"self":[{"href":"https:\/\/harma.ee\/fi\/wp-json\/wp\/v2\/product\/7566"}],"collection":[{"href":"https:\/\/harma.ee\/fi\/wp-json\/wp\/v2\/product"}],"about":[{"href":"https:\/\/harma.ee\/fi\/wp-json\/wp\/v2\/types\/product"}],"wp:featuredmedia":[{"embeddable":true,"href":"https:\/\/harma.ee\/fi\/wp-json\/wp\/v2\/media\/4088"}],"wp:attachment":[{"href":"https:\/\/harma.ee\/fi\/wp-json\/wp\/v2\/media?parent=7566"}],"wp:term":[{"taxonomy":"product_cat","embeddable":true,"href":"https:\/\/harma.ee\/fi\/wp-json\/wp\/v2\/product_cat?post=7566"},{"taxonomy":"product_tag","embeddable":true,"href":"https:\/\/harma.ee\/fi\/wp-json\/wp\/v2\/product_tag?post=7566"}],"curies":[{"name":"wp","href":"https:\/\/api.w.org\/{rel}","templated":true}]}}