{"id":7579,"date":"2021-06-29T12:31:12","date_gmt":"2021-06-29T10:31:12","guid":{"rendered":"https:\/\/harma.ee\/kasiduss-voolik-ja-seinakinnitus-harma-gold-collection-bghs01\/"},"modified":"2026-01-28T11:37:20","modified_gmt":"2026-01-28T09:37:20","slug":"kasisuihku-letku-ja-seinaasennus-harma-kulta-kokoelma-bghs01","status":"publish","type":"product","link":"https:\/\/harma.ee\/fi\/kasisuihku-letku-ja-seinaasennus-harma-kulta-kokoelma-bghs01\/","title":{"rendered":"K\u00e4sisuihku, letku ja sein\u00e4kiinnike Harma Gold collection BGHS01"},"content":{"rendered":"<p data-start=\"260\" data-end=\"531\">Harma Gold collection -sarjaan kuuluva k\u00e4sisuihku on minimalistinen, ylellinen ja kest\u00e4v\u00e4. Tarkoitettu k\u00e4ytett\u00e4v\u00e4ksi ammehanan kanssa. Sarja sis\u00e4lt\u00e4\u00e4 keitti\u00f6-, pesuallas-, amme- ja suihkuhanat.<\/p>\n","protected":false},"excerpt":{"rendered":"<p data-start=\"260\" data-end=\"531\">Harma Gold collection -sarjaan kuuluva k\u00e4sisuihku on minimalistinen, ylellinen ja kest\u00e4v\u00e4. Tarkoitettu k\u00e4ytett\u00e4v\u00e4ksi ammehanan kanssa. Sarja sis\u00e4lt\u00e4\u00e4 keitti\u00f6-, pesuallas-, amme- ja suihkuhanat.<\/p>\n","protected":false},"featured_media":4440,"template":"","meta":[],"product_cat":[382,392,424],"product_tag":[289],"acf":[],"_links":{"self":[{"href":"https:\/\/harma.ee\/fi\/wp-json\/wp\/v2\/product\/7579"}],"collection":[{"href":"https:\/\/harma.ee\/fi\/wp-json\/wp\/v2\/product"}],"about":[{"href":"https:\/\/harma.ee\/fi\/wp-json\/wp\/v2\/types\/product"}],"wp:featuredmedia":[{"embeddable":true,"href":"https:\/\/harma.ee\/fi\/wp-json\/wp\/v2\/media\/4440"}],"wp:attachment":[{"href":"https:\/\/harma.ee\/fi\/wp-json\/wp\/v2\/media?parent=7579"}],"wp:term":[{"taxonomy":"product_cat","embeddable":true,"href":"https:\/\/harma.ee\/fi\/wp-json\/wp\/v2\/product_cat?post=7579"},{"taxonomy":"product_tag","embeddable":true,"href":"https:\/\/harma.ee\/fi\/wp-json\/wp\/v2\/product_tag?post=7579"}],"curies":[{"name":"wp","href":"https:\/\/api.w.org\/{rel}","templated":true}]}}